{"id":2533,"date":"2022-09-22T10:51:25","date_gmt":"2022-09-22T08:51:25","guid":{"rendered":"https:\/\/happynote.com\/musique\/?page_id=2533"},"modified":"2025-07-09T13:23:52","modified_gmt":"2025-07-09T11:23:52","slug":"notes-de-musique-en-couleur","status":"publish","type":"page","link":"https:\/\/happynote.com\/musique\/notes-de-musique-en-couleur\/","title":{"rendered":"Notes en couleur (musique) Happy Note!"},"content":{"rendered":"<p>Ceci est la page d&rsquo;aide pour les notes en couleur des vid\u00e9os Happy Note! sur YouTube.<\/p>\n<h2>Pourquoi des notes en couleur ?<\/h2>\n<p>Chaque vid\u00e9o ajoute une nouvelle note de musique et joue deux lectures musicales : <strong>a<\/strong> et <strong>b<\/strong>.<\/p>\n<blockquote><p>Visualisez et t\u00e9l\u00e9chargez les <a href=\"https:\/\/happynote.com\/musique\/pdf\/toutes-les-lectures-do-re-mi.pdf\" target=\"_blank\" rel=\"noopener\">32 lectures en cl\u00e9 de sol<\/a> avec le nom des notes affich\u00e9es (PDF)<\/p><\/blockquote>\n<p>La lecture musicale <strong><span class=\"Ccolor\">a<\/span><\/strong> affiche toujours la nouvelle note en couleur &#8211; ci-dessous un\u00a0<strong><span class=\"Ccolor\">DO<\/span><\/strong>, la note noire est un <strong>SOL<\/strong>\u00a0&#8211; pour vous aider \u00e0 la reconnaitre :<\/p>\n<figure id=\"attachment_3031\" aria-describedby=\"caption-attachment-3031\" style=\"width: 1920px\" class=\"wp-caption aligncenter\"><a href=\"https:\/\/youtu.be\/XE925Zwo-XM?si=7xe3Ir13xqRy4mXK\" target=\"_blank\" rel=\"noopener\"><img loading=\"lazy\" decoding=\"async\" class=\"wp-image-3031 size-full\" src=\"https:\/\/happynote.com\/musique\/wp-content\/uploads\/2024\/05\/lecture-musicale-2a-note-DO-en-couleur.jpg\" alt=\"Lecture musicale 2 notes (DO SOL), nouvelle note en couleur : DO\" width=\"1920\" height=\"1080\" srcset=\"https:\/\/happynote.com\/musique\/wp-content\/uploads\/2024\/05\/lecture-musicale-2a-note-DO-en-couleur.jpg 1920w, https:\/\/happynote.com\/musique\/wp-content\/uploads\/2024\/05\/lecture-musicale-2a-note-DO-en-couleur-300x169.jpg 300w, https:\/\/happynote.com\/musique\/wp-content\/uploads\/2024\/05\/lecture-musicale-2a-note-DO-en-couleur-1024x576.jpg 1024w, https:\/\/happynote.com\/musique\/wp-content\/uploads\/2024\/05\/lecture-musicale-2a-note-DO-en-couleur-768x432.jpg 768w, https:\/\/happynote.com\/musique\/wp-content\/uploads\/2024\/05\/lecture-musicale-2a-note-DO-en-couleur-1536x864.jpg 1536w\" sizes=\"auto, (max-width: 1920px) 100vw, 1920px\" \/><\/a><figcaption id=\"caption-attachment-3031\" class=\"wp-caption-text\">Vid\u00e9o 2 notes, lecture 2a avec le DO en couleur<\/figcaption><\/figure>\n<p>La lecture musicale <b>b<\/b> utilise les m\u00eames notes que celles de la pr\u00e9c\u00e9dente lecture musicale <strong><span class=\"Ccolor\">a<\/span><\/strong> mais la nouvelle note <b>DO<\/b> est maintenant affich\u00e9e normalement en noir (vous devez donc la lire sans l&rsquo;aide de la couleur) :<\/p>\n<figure id=\"attachment_3033\" aria-describedby=\"caption-attachment-3033\" style=\"width: 1920px\" class=\"wp-caption aligncenter\"><img loading=\"lazy\" decoding=\"async\" class=\"size-full wp-image-3033\" src=\"https:\/\/happynote.com\/musique\/wp-content\/uploads\/2024\/05\/lecture-musicale-2b-note-DO-en-noir.jpg\" alt=\"Lecture musicale 2 notes (DO SOL), nouvelle note en noir : DO\" width=\"1920\" height=\"1080\" srcset=\"https:\/\/happynote.com\/musique\/wp-content\/uploads\/2024\/05\/lecture-musicale-2b-note-DO-en-noir.jpg 1920w, https:\/\/happynote.com\/musique\/wp-content\/uploads\/2024\/05\/lecture-musicale-2b-note-DO-en-noir-300x169.jpg 300w, https:\/\/happynote.com\/musique\/wp-content\/uploads\/2024\/05\/lecture-musicale-2b-note-DO-en-noir-1024x576.jpg 1024w, https:\/\/happynote.com\/musique\/wp-content\/uploads\/2024\/05\/lecture-musicale-2b-note-DO-en-noir-768x432.jpg 768w, https:\/\/happynote.com\/musique\/wp-content\/uploads\/2024\/05\/lecture-musicale-2b-note-DO-en-noir-1536x864.jpg 1536w\" sizes=\"auto, (max-width: 1920px) 100vw, 1920px\" \/><figcaption id=\"caption-attachment-3033\" class=\"wp-caption-text\">Vid\u00e9o 2 notes, lecture 2b avec la note MI en noir<\/figcaption><\/figure>\n<p>Regardons ce qui se passe avec 3 notes de musique.<\/p>\n<blockquote><p>Jouez en ligne avec le jeu <a href=\"https:\/\/happynote.com\/musique\/lire-notes-musique\/\" target=\"_blank\" rel=\"noopener\">Lire les Notes de Musique HN<\/a> utilisant le m\u00eame syst\u00e8me de notes en couleur.<\/p><\/blockquote>\n<h2>3 Notes de musique<\/h2>\n<p>La lecture musicale ci-dessous joue les 2 notes noires <strong>DO<\/strong> et <strong>SOL<\/strong>\u00a0apprises dans la pr\u00e9c\u00e9dente vid\u00e9o et ajoute la nouvelle note en couleur <strong><span class=\"Ecolor\">MI<\/span><\/strong>\u00a0:<\/p>\n<figure id=\"attachment_3027\" aria-describedby=\"caption-attachment-3027\" style=\"width: 1920px\" class=\"wp-caption aligncenter\"><a href=\"https:\/\/youtu.be\/0c2K_ENIK3I?si=U8XMphmp7qntEqVH\" target=\"_blank\" rel=\"noopener\"><img loading=\"lazy\" decoding=\"async\" class=\"wp-image-3027 size-full\" src=\"https:\/\/happynote.com\/musique\/wp-content\/uploads\/2024\/05\/2024-Youtube-Vignette-Cle-de-Sol-DO-RE-MI-FA-SOL-LA-SI-3-notes-1280x720-1.jpg\" alt=\"Lecture musicale 3 notes (DO MI SOL), nouvelle note en couleur : MI\" width=\"1920\" height=\"1080\" srcset=\"https:\/\/happynote.com\/musique\/wp-content\/uploads\/2024\/05\/2024-Youtube-Vignette-Cle-de-Sol-DO-RE-MI-FA-SOL-LA-SI-3-notes-1280x720-1.jpg 1920w, https:\/\/happynote.com\/musique\/wp-content\/uploads\/2024\/05\/2024-Youtube-Vignette-Cle-de-Sol-DO-RE-MI-FA-SOL-LA-SI-3-notes-1280x720-1-300x169.jpg 300w, https:\/\/happynote.com\/musique\/wp-content\/uploads\/2024\/05\/2024-Youtube-Vignette-Cle-de-Sol-DO-RE-MI-FA-SOL-LA-SI-3-notes-1280x720-1-1024x576.jpg 1024w, https:\/\/happynote.com\/musique\/wp-content\/uploads\/2024\/05\/2024-Youtube-Vignette-Cle-de-Sol-DO-RE-MI-FA-SOL-LA-SI-3-notes-1280x720-1-768x432.jpg 768w, https:\/\/happynote.com\/musique\/wp-content\/uploads\/2024\/05\/2024-Youtube-Vignette-Cle-de-Sol-DO-RE-MI-FA-SOL-LA-SI-3-notes-1280x720-1-1536x864.jpg 1536w\" sizes=\"auto, (max-width: 1920px) 100vw, 1920px\" \/><\/a><figcaption id=\"caption-attachment-3027\" class=\"wp-caption-text\">Vid\u00e9o 3 notes, lecture 3a avec le MI en couleur<\/figcaption><\/figure>\n<p>La lecture musicale <strong>3<\/strong><b>b\u00a0<\/b>utilise les trois m\u00eames notes que celles de la lecture musicale pr\u00e9c\u00e9dente <strong><span class=\"Ecolor\">3a<\/span><\/strong> mais la nouvelle note <strong>MI<\/strong> est maintenant affich\u00e9e en noir et vous devez la reconnaitre sans l&rsquo;aide de la couleur :<\/p>\n<figure id=\"attachment_3030\" aria-describedby=\"caption-attachment-3030\" style=\"width: 1920px\" class=\"wp-caption aligncenter\"><img loading=\"lazy\" decoding=\"async\" class=\"size-full wp-image-3030\" src=\"https:\/\/happynote.com\/musique\/wp-content\/uploads\/2024\/05\/lecture-musicale-3b-note-MI-en-noir.jpg\" alt=\"Lecture musicale 3 notes (DO MI SOL), nouvelle note en noir : MI\" width=\"1920\" height=\"1080\" srcset=\"https:\/\/happynote.com\/musique\/wp-content\/uploads\/2024\/05\/lecture-musicale-3b-note-MI-en-noir.jpg 1920w, https:\/\/happynote.com\/musique\/wp-content\/uploads\/2024\/05\/lecture-musicale-3b-note-MI-en-noir-300x169.jpg 300w, https:\/\/happynote.com\/musique\/wp-content\/uploads\/2024\/05\/lecture-musicale-3b-note-MI-en-noir-1024x576.jpg 1024w, https:\/\/happynote.com\/musique\/wp-content\/uploads\/2024\/05\/lecture-musicale-3b-note-MI-en-noir-768x432.jpg 768w, https:\/\/happynote.com\/musique\/wp-content\/uploads\/2024\/05\/lecture-musicale-3b-note-MI-en-noir-1536x864.jpg 1536w\" sizes=\"auto, (max-width: 1920px) 100vw, 1920px\" \/><figcaption id=\"caption-attachment-3030\" class=\"wp-caption-text\">Vid\u00e9o 3 notes, lecture 3b avec le MI en noir<\/figcaption><\/figure>\n<p>Examinons un dernier exemple avec 4 notes de musique.<\/p>\n<h2>4 Notes de musique<\/h2>\n<p>La lecture musicale ci-dessous utilise les trois notes <strong>DO<\/strong>, <strong>MI<\/strong>\u00a0and\u00a0<strong>SOL<\/strong>\u00a0apprises avec les pr\u00e9c\u00e9dentes vid\u00e9os et ajoute la nouvelle note en couleur <strong><span class=\"Dcolor\">R\u00c9<\/span><\/strong>\u00a0:<\/p>\n<figure id=\"attachment_3035\" aria-describedby=\"caption-attachment-3035\" style=\"width: 1920px\" class=\"wp-caption aligncenter\"><a href=\"https:\/\/youtu.be\/F3BjB7YJiiY?si=EcUvp_Tg4Z4ChRaK\" target=\"_blank\" rel=\"noopener\"><img loading=\"lazy\" decoding=\"async\" class=\"wp-image-3035 size-full\" src=\"https:\/\/happynote.com\/musique\/wp-content\/uploads\/2024\/05\/lecture-musicale-4a-note-RE-en-couleur.jpg\" alt=\"Lecture musicale 4 notes (DO RE MI SOL), nouvelle note en couleur : RE\" width=\"1920\" height=\"1080\" srcset=\"https:\/\/happynote.com\/musique\/wp-content\/uploads\/2024\/05\/lecture-musicale-4a-note-RE-en-couleur.jpg 1920w, https:\/\/happynote.com\/musique\/wp-content\/uploads\/2024\/05\/lecture-musicale-4a-note-RE-en-couleur-300x169.jpg 300w, https:\/\/happynote.com\/musique\/wp-content\/uploads\/2024\/05\/lecture-musicale-4a-note-RE-en-couleur-1024x576.jpg 1024w, https:\/\/happynote.com\/musique\/wp-content\/uploads\/2024\/05\/lecture-musicale-4a-note-RE-en-couleur-768x432.jpg 768w, https:\/\/happynote.com\/musique\/wp-content\/uploads\/2024\/05\/lecture-musicale-4a-note-RE-en-couleur-1536x864.jpg 1536w\" sizes=\"auto, (max-width: 1920px) 100vw, 1920px\" \/><\/a><figcaption id=\"caption-attachment-3035\" class=\"wp-caption-text\">Vid\u00e9o 4 notes, lecture 4a avec la note RE en couleur<\/figcaption><\/figure>\n<p>La lecture musicale <strong>4b<\/strong> utilise les m\u00eames 4 notes que celles de la pr\u00e9c\u00e9dente lecture musicale <strong><span class=\"Dcolor\">4a<\/span><\/strong> mais la nouvelle note\u00a0<strong>RE<\/strong>\u00a0est maintenant affich\u00e9e en noir et vous devez la lire et la reconnaitre sans l&rsquo;aide de la couleur :<\/p>\n<figure id=\"attachment_3037\" aria-describedby=\"caption-attachment-3037\" style=\"width: 1920px\" class=\"wp-caption aligncenter\"><img loading=\"lazy\" decoding=\"async\" class=\"size-full wp-image-3037\" src=\"https:\/\/happynote.com\/musique\/wp-content\/uploads\/2024\/05\/lecture-musicale-4b-note-RE-en-noir.jpg\" alt=\"Lecture musicale 4 notes (DO RE MI SOL), nouvelle note en noir : RE\" width=\"1920\" height=\"1080\" srcset=\"https:\/\/happynote.com\/musique\/wp-content\/uploads\/2024\/05\/lecture-musicale-4b-note-RE-en-noir.jpg 1920w, https:\/\/happynote.com\/musique\/wp-content\/uploads\/2024\/05\/lecture-musicale-4b-note-RE-en-noir-300x169.jpg 300w, https:\/\/happynote.com\/musique\/wp-content\/uploads\/2024\/05\/lecture-musicale-4b-note-RE-en-noir-1024x576.jpg 1024w, https:\/\/happynote.com\/musique\/wp-content\/uploads\/2024\/05\/lecture-musicale-4b-note-RE-en-noir-768x432.jpg 768w, https:\/\/happynote.com\/musique\/wp-content\/uploads\/2024\/05\/lecture-musicale-4b-note-RE-en-noir-1536x864.jpg 1536w\" sizes=\"auto, (max-width: 1920px) 100vw, 1920px\" \/><figcaption id=\"caption-attachment-3037\" class=\"wp-caption-text\">Vid\u00e9o 4 notes, lecture 4b avec le RE en noir<\/figcaption><\/figure>\n<h2>Comment lire les notes des vid\u00e9os Happy Note! ?<\/h2>\n<p>Vous devez dire ou chanter le nom des notes exactement EN M\u00caME TEMPS que vous les entendez.<\/p>\n<p>Comme les lectures Happy Note! affichent le nom de chaque note en m\u00eame temps qu&rsquo;elles la joue, vous savez imm\u00e9diatement si vous l&rsquo;avez lu correctement.<\/p>\n<p>Ne trichez pas ! N&rsquo;attendez pas que le nom soit affich\u00e9 pour lire le nom au lieu de lire la note !<\/p>\n","protected":false},"excerpt":{"rendered":"<p>Ceci est la page d&rsquo;aide pour les notes en couleur des vid\u00e9os Happy Note! sur YouTube. Pourquoi des notes en couleur ? Chaque vid\u00e9o ajoute une nouvelle note de musique &hellip; <\/p>\n","protected":false},"author":1,"featured_media":0,"parent":0,"menu_order":0,"comment_status":"closed","ping_status":"closed","template":"","meta":{"footnotes":""},"class_list":["post-2533","page","type-page","status-publish","hentry"],"_links":{"self":[{"href":"https:\/\/happynote.com\/musique\/wp-json\/wp\/v2\/pages\/2533","targetHints":{"allow":["GET"]}}],"collection":[{"href":"https:\/\/happynote.com\/musique\/wp-json\/wp\/v2\/pages"}],"about":[{"href":"https:\/\/happynote.com\/musique\/wp-json\/wp\/v2\/types\/page"}],"author":[{"embeddable":true,"href":"https:\/\/happynote.com\/musique\/wp-json\/wp\/v2\/users\/1"}],"replies":[{"embeddable":true,"href":"https:\/\/happynote.com\/musique\/wp-json\/wp\/v2\/comments?post=2533"}],"version-history":[{"count":39,"href":"https:\/\/happynote.com\/musique\/wp-json\/wp\/v2\/pages\/2533\/revisions"}],"predecessor-version":[{"id":3536,"href":"https:\/\/happynote.com\/musique\/wp-json\/wp\/v2\/pages\/2533\/revisions\/3536"}],"wp:attachment":[{"href":"https:\/\/happynote.com\/musique\/wp-json\/wp\/v2\/media?parent=2533"}],"curies":[{"name":"wp","href":"https:\/\/api.w.org\/{rel}","templated":true}]}}