{"id":27,"date":"2018-12-10T15:40:27","date_gmt":"2018-12-10T14:40:27","guid":{"rendered":"https:\/\/happynote.com\/musique\/?page_id=27"},"modified":"2025-09-19T09:13:52","modified_gmt":"2025-09-19T07:13:52","slug":"lire-partition-cle-sol-cle-fa","status":"publish","type":"page","link":"https:\/\/happynote.com\/musique\/lire-partition-cle-sol-cle-fa\/","title":{"rendered":"Partition Cl\u00e9 de Sol et Cl\u00e9 de Fa HN"},"content":{"rendered":"<p>Savoir lire\u00a0 une partition de musique \u00e9crite en <a href=\"https:\/\/happynote.com\/musique\/lire-les-notes-en-cle-de-sol-do-re-mi-fa-sol-la-si\/\">cl\u00e9 de Sol<\/a> ou en <a href=\"https:\/\/happynote.com\/musique\/lire-la-cle-de-fa-do-re-mi-a-b-c\/\">cl\u00e9 de Fa<\/a> est indispensable pour jouer d&rsquo;un instrument. Mais combien d&rsquo;enfants &#8211; et m\u00eame d&rsquo;adultes ! &#8211; ont \u00e9t\u00e9 <b>rebut\u00e9s ou d\u00e9go\u00fbt\u00e9s par l&rsquo;apprentissage du solf\u00e8ge\u00a0?<\/b><\/p>\n<div class=\"youtube-video\" style=\"text-align: center;\"><iframe loading=\"lazy\" src=\"https:\/\/www.youtube-nocookie.com\/embed\/rf_jG15ZL_4?autoplay=1&amp;mute=1&amp;start=110&amp;rel=0\" width=\"560\" height=\"315\" frameborder=\"0\" allowfullscreen=\"allowfullscreen\"><\/iframe><\/div>\n<p>&nbsp;<\/p>\n<p style=\"text-align: center;\"><img loading=\"lazy\" decoding=\"async\" src=\"https:\/\/happynote.com\/images_partagees\/hn-icone32x32.jpg\" alt=\"Happy Note!\" width=\"32\" height=\"32\" \/><br \/>\n<a href=\"https:\/\/happynote.com\/musique\/lire-note-partition-cle-sol-cle-fa\/telecharger-partition-cle-sol-cle-fa\/\">T\u00e9l\u00e9charger le jeu<\/a> \u2013 <a href=\"https:\/\/happynote.com\/musique\/aide-partition-cle-de-sol-et-cle-de-fa-hn\/\">Aide en ligne<\/a><\/p>\n<p><em>Partition Cl\u00e9 de Sol et Cl\u00e9 de Fa HN<\/em> a \u00e9t\u00e9 con\u00e7u et programm\u00e9 par des <b>professeurs de musique.<\/b> <b>Educatif<\/b> (choix des notes \u00e0 apprendre, correction des erreurs, \u00e9coute facultative de chaque bonne note, choix de la cl\u00e9 et de la notation musicale&#8230;) <b>et ludique<\/b> (score, vies, chronom\u00e8tre, dynamite, rebonds) il permet <b>VRAIMENT d&rsquo;apprendre \u00e0 lire les notes d&rsquo;une partition de musique. Mais en s&rsquo;amusant !<\/b><\/p>\n<h2>Actuellement gratuit !<\/h2>\n<p>Utilisez le code ci-dessous pour installer la version compl\u00e8te de <em>Partition Cl\u00e9 de Sol et Cl\u00e9 de Fa HN<\/em> :<\/p>\n<p>#S#ZBF3MPWFDTR6J4VP25C5JBYHSCU6NBOFUH6G3NY6C2UCX5OX2EWIS1SLBPVLA5EVCL6PDKBP635PLZC4HSBBTI#E#<\/p>\n<h2>Enti\u00e8rement compatible avec plus de 100 vid\u00e9os Happy Note!<\/h2>\n<p><em>Partition Cl\u00e9 de Sol et Cl\u00e9 de Fa HN<\/em> utilise le m\u00eame syst\u00e8me de notes en couleur que les <a href=\"https:\/\/www.youtube.com\/playlist?list=PLfwFLayAiGs1g98ktvC_U2nx_Xj7GY6gY\" target=\"_blank\" rel=\"noopener\">vid\u00e9os Happy Note! en fran\u00e7ais<\/a> pour faciliter l&rsquo;apprentissage de nouvelles notes.<\/p>\n<h2>Aucune connaissance en solf\u00e8ge requise<\/h2>\n<p>M\u00eame si vous n&rsquo;y connaissez absolument rien en <a href=\"https:\/\/happynote.com\/musique\/apprendre-le-solfege\/\">solf\u00e8ge<\/a>, <em>Partition Cl\u00e9 de Sol et Cl\u00e9 de Fa HN<\/em> vous apprendra \u00e0 <b>lire les notes d&rsquo;une partition de musique facilement, rapidement&#8230; et en vous amusant !<\/b><\/p>\n<figure id=\"attachment_1381\" aria-describedby=\"caption-attachment-1381\" style=\"width: 656px\" class=\"wp-caption aligncenter\"><a href=\"https:\/\/happynote.com\/musique\/lire-note-partition-cle-sol-cle-fa\/telecharger-partition-cle-sol-cle-fa\/\"><img loading=\"lazy\" decoding=\"async\" class=\"wp-image-1381 size-full\" src=\"https:\/\/happynote.com\/musique\/wp-content\/uploads\/2019\/07\/partition-cle-de-sol-cle-de-fa-656X538-013.jpg\" alt=\"Ecran d'accueil du jeu Partition Cl\u00e9 de Sol et Cl\u00e9 de Fa HN permettant de s\u00e9lectionner les notes \u00e0 apprendre.\" width=\"656\" height=\"538\" srcset=\"https:\/\/happynote.com\/musique\/wp-content\/uploads\/2019\/07\/partition-cle-de-sol-cle-de-fa-656X538-013.jpg 656w, https:\/\/happynote.com\/musique\/wp-content\/uploads\/2019\/07\/partition-cle-de-sol-cle-de-fa-656X538-013-300x246.jpg 300w\" sizes=\"auto, (max-width: 656px) 100vw, 656px\" \/><\/a><figcaption id=\"caption-attachment-1381\" class=\"wp-caption-text\">Ecran d&rsquo;accueil du jeu Partition Cl\u00e9 de Sol et Cl\u00e9 de Fa HN permettant de s\u00e9lectionner les notes \u00e0 apprendre.<\/figcaption><\/figure>\n<p>Si vous le souhaitez, le logiciel dispose d&rsquo;une <b>aide musicale<\/b> qui vous expliquera en moins de cinq minutes ce qu&rsquo;est <a href=\"https:\/\/happynote.com\/musique\/apprendre-le-solfege\/portee-musicale-notes-musique-cles-symboles-musicaux\/\">la port\u00e9e musicale<\/a> (les 5 lignes o\u00f9 sont \u00e9crites les notes) et \u00e0 quoi servent <a href=\"https:\/\/happynote.com\/musique\/lire-les-notes-en-cle-de-sol-do-re-mi-fa-sol-la-si\/\">les clefs (clef de sol, clef de fa)<\/a> plac\u00e9es au d\u00e9but de la port\u00e9e.<\/p>\n<h2>Une m\u00e9thode progressive pour guider les d\u00e9butants&#8230; ou la libert\u00e9 totale du choix des notes \u00e0 apprendre ou r\u00e9viser<\/h2>\n<p>Si vous ou votre enfant \u00eates un <b>complet d\u00e9butant<\/b>, utilisez le <b>menu <i>P\u00e9dagogie<\/i> et son syst\u00e8me facultatif de note couleur<\/b> pour apprendre tr\u00e8s facilement et \u00e0 votre rythme de nouvelles notes de musique.<\/p>\n<figure id=\"attachment_1375\" aria-describedby=\"caption-attachment-1375\" style=\"width: 600px\" class=\"wp-caption aligncenter\"><a href=\"https:\/\/happynote.com\/musique\/lire-partition-cle-sol-cle-fa\/telecharger-partition-cle-sol-cle-fa\/\" rel=\"noopener noreferrer\"><img loading=\"lazy\" decoding=\"async\" class=\"wp-image-1375\" src=\"https:\/\/happynote.com\/musique\/wp-content\/uploads\/2019\/07\/partition-cle-de-sol-cle-de-fa-656X538-005.jpg\" alt=\"Capture d'\u00e9cran du jeu Partition Cl\u00e9 de Sol et Cl\u00e9 de Fa HN, la note en rouge indique au joueur qu'il a fait une fausse note.\" width=\"600\" height=\"474\" srcset=\"https:\/\/happynote.com\/musique\/wp-content\/uploads\/2019\/07\/partition-cle-de-sol-cle-de-fa-656X538-005.jpg 656w, https:\/\/happynote.com\/musique\/wp-content\/uploads\/2019\/07\/partition-cle-de-sol-cle-de-fa-656X538-005-300x237.jpg 300w\" sizes=\"auto, (max-width: 600px) 100vw, 600px\" \/><\/a><figcaption id=\"caption-attachment-1375\" class=\"wp-caption-text\">La note en rouge indique que le joueur a fait une fausse note.<\/figcaption><\/figure>\n<p class=\"justify\">Si vous savez <b>d\u00e9j\u00e0 lire certaines notes de musique<\/b> que vous souhaitez r\u00e9viser ou si vous voulez utiliser <em>Partition Cl\u00e9 de Sol et Cl\u00e9 de Fa HN<\/em> comme un compl\u00e9ment \u00e0 une m\u00e9thode traditionnelle, <b>choisissez librement, d&rsquo;un clic, les notes avec lesquelles vous voulez jouer<\/b>.<\/p>\n<h2>Le jeu vous corrige comme un professeur de musique<\/h2>\n<p>En cas d&rsquo;erreur, <em>Partition Cl\u00e9 de Sol et Cl\u00e9 de Fa HN<\/em> peut afficher le nom de la note. Imm\u00e9diatement ou seulement apr\u00e8s un certain nombre d&rsquo;erreurs cons\u00e9cutives. Ou bien jamais. C&rsquo;est toujours le joueur qui choisit.<\/p>\n<figure id=\"attachment_1924\" aria-describedby=\"caption-attachment-1924\" style=\"width: 600px\" class=\"wp-caption aligncenter\"><a href=\"https:\/\/happynote.com\/musique\/lire-note-partition-cle-sol-cle-fa\/telecharger-partition-cle-sol-cle-fa\/\"><img loading=\"lazy\" decoding=\"async\" class=\"wp-image-1924 size-full\" src=\"https:\/\/happynote.com\/musique\/wp-content\/uploads\/2020\/11\/partition-cle-de-sol-cle-de-fa-600X474-048.jpg\" alt=\"Capture d'\u00e9cran du jeu Partition Cl\u00e9 de Sol et Cl\u00e9 de Fa HN, le nom de la note s'affiche \u00e0 l'int\u00e9rieur de la note.\" width=\"600\" height=\"474\" srcset=\"https:\/\/happynote.com\/musique\/wp-content\/uploads\/2020\/11\/partition-cle-de-sol-cle-de-fa-600X474-048.jpg 600w, https:\/\/happynote.com\/musique\/wp-content\/uploads\/2020\/11\/partition-cle-de-sol-cle-de-fa-600X474-048-300x237.jpg 300w\" sizes=\"auto, (max-width: 600px) 100vw, 600px\" \/><\/a><figcaption id=\"caption-attachment-1924\" class=\"wp-caption-text\">Le joueur a fait une fausse note, le jeu lui indique le nom de la note (r\u00e9glable et facultatif)<\/figcaption><\/figure>\n<h2>Cl\u00e9 de Sol et cl\u00e9 de Fa, notation musicale syllabique (Do R\u00e9 Mi Fa Sol La Si) et alphab\u00e9tique (A B C D E F G)<\/h2>\n<p>Apprendre les notes de la <a href=\"https:\/\/happynote.com\/musique\/solfege\/cles-musique-clef-sol-fa-ut-do\/\">clef de Sol et de la cl\u00e9 de Fa<\/a> vous permettra de lire une partition de <a href=\"https:\/\/happynote.com\/musique\/notes-du-piano\/\">piano<\/a>, guitare, violon, harpe, fl\u00fbte, clarinette, cor, trompette, mandoline, violoncelle, guitare basse, trombone, basson, timbales&#8230; Pour les chanteurs, la clef de sol est utilis\u00e9e avec les voix de t\u00e9nor, soprano, contralto, alto, mezzo-soprano; la cl\u00e9 de fa avec les voix de basse et de baryton.<\/p>\n<p>Pour chacune de ces deux clefs, vous pourrez choisir d&rsquo;afficher le nom des notes dans la <a href=\"https:\/\/happynote.com\/musique\/solfege\/nom-notes-musique-do-re-mi-fa-sol-la-si\/#La_notation_musicale_syllabique_DO_RE_MI_FA_SOL_LA_SI\">notation musicale syllabique<\/a> (Do R\u00e9 Mi Fa Sol La Si) utilis\u00e9e en France et dans les pays latins, et la <a href=\"https:\/\/happynote.com\/musique\/solfege\/nom-notes-musique-do-re-mi-fa-sol-la-si\/#La_notation_musicale_alphabetique_A_B_C_D_E_F_G\">notation musicale alphab\u00e9tique<\/a> (A B C D E F G) employ\u00e9e en Jazz et dans les pays anglo-saxons (m\u00eame la notation alphab\u00e9tique allemande &#8211; A <b>H<\/b> C D E F G &#8211;\u00a0est disponible !).<\/p>\n<h2>Deux modes de jeu et de multiples options pour adapter le jeu \u00e0 tous les \u00e2ges, tous les niveaux et tous les go\u00fbts<\/h2>\n<p><em>Partition Cl\u00e9 de Sol et Cl\u00e9 de Fa<\/em> dispose de multiples options pour configurer le jeu de tr\u00e8s tr\u00e8s facile \u00e0 tr\u00e8s difficile et l&rsquo;adapter \u00e0 tous les \u00e2ges et tous les niveaux pour apprendre \u00e0 lire une partition:<\/p>\n<ul>\n<li>clic sur le Score pour commencer la partie avec un bonus (id\u00e9al pour les tr\u00e8s jeunes enfants);<\/li>\n<li>choix du Score \u00e0 atteindre pour gagner une partie (ou Score illimit\u00e9);<\/li>\n<li>clic sur le Chronom\u00e8tre pour choisir la dur\u00e9e de la partie;<\/li>\n<li>clic sur la Dynamite pour la d\u00e9sactiver (plus facile) ou la r\u00e9tablir (plus amusant);<\/li>\n<li>choix du mode de jeu: Apprentissage (plus facile) ou Rebonds (plus difficile mais plus amusant);<\/li>\n<li>3 vitesses initiales de jeu, la vitesse des notes de musique augmente avec le score;<\/li>\n<li>jeu avec 1, 2 ou 3 notes de musique simultan\u00e9es sur la port\u00e9e;<\/li>\n<li>plusieurs styles de musique ou \u00e9coute de chacune des notes de musique;<\/li>\n<li>choix de la couleur du fond de l&rsquo;\u00e9cran, inversion des couleurs du jeu et\/ou du fond de l&rsquo;\u00e9cran, ajout des images Happy Note! ou de vos propres images, r\u00e9glage de la transparence de l&rsquo;image, etc.;<\/li>\n<li>Hi-Score prenant en compte le nombre de notes de musique apprises et tous les r\u00e9glages du jeu;<\/li>\n<li>sauvegarde automatique de tous les r\u00e9glages entre chaque partie ou en quittant le jeu;<\/li>\n<li>aide et aide musicale compl\u00e8te;<\/li>\n<\/ul>\n","protected":false},"excerpt":{"rendered":"<p>Savoir lire\u00a0 une partition de musique \u00e9crite en cl\u00e9 de Sol ou en cl\u00e9 de Fa est indispensable pour jouer d&rsquo;un instrument. Mais combien d&rsquo;enfants &#8211; et m\u00eame d&rsquo;adultes ! &hellip; <\/p>\n<div class='heateor_sss_sharing_container heateor_sss_vertical_sharing' style='width:44px;left: 90px;top: 350px;-webkit-box-shadow:none;box-shadow:none;' data-heateor-sss-href='https:\/\/happynote.com\/musique\/wp-json\/wp\/v2\/pages\/27'><div class=\"heateor_sss_sharing_ul\"><a aria-label=\"Facebook\" class=\"heateor_sss_facebook\" href=\"https:\/\/www.facebook.com\/sharer\/sharer.php?u=https%3A%2F%2Fhappynote.com%2Fmusique%2Fwp-json%2Fwp%2Fv2%2Fpages%2F27\" title=\"Facebook\" rel=\"nofollow noopener\" target=\"_blank\" style=\"font-size:32px!important;box-shadow:none;display:inline-block;vertical-align:middle\"><span class=\"heateor_sss_svg\" style=\"background-color:#0765FE;width:40px;height:40px;border-radius:999px;display:inline-block;opacity:1;float:left;font-size:32px;box-shadow:none;display:inline-block;font-size:16px;padding:0 4px;vertical-align:middle;background-repeat:repeat;overflow:hidden;padding:0;cursor:pointer;box-sizing:content-box\"><svg style=\"display:block;border-radius:999px;\" focusable=\"false\" aria-hidden=\"true\" xmlns=\"http:\/\/www.w3.org\/2000\/svg\" width=\"100%\" height=\"100%\" viewBox=\"0 0 32 32\"><path fill=\"#fff\" d=\"M28 16c0-6.627-5.373-12-12-12S4 9.373 4 16c0 5.628 3.875 10.35 9.101 11.647v-7.98h-2.474V16H13.1v-1.58c0-4.085 1.849-5.978 5.859-5.978.76 0 2.072.15 2.608.298v3.325c-.283-.03-.775-.045-1.386-.045-1.967 0-2.728.745-2.728 2.683V16h3.92l-.673 3.667h-3.247v8.245C23.395 27.195 28 22.135 28 16Z\"><\/path><\/svg><\/span><\/a><a aria-label=\"Twitter\" class=\"heateor_sss_button_twitter\" href=\"https:\/\/twitter.com\/intent\/tweet?text=Happy%20Musique%20Note%20-%20Fini%20la%20corv%C3%A9e%20du%20solf%C3%A8ge%21&url=https%3A%2F%2Fhappynote.com%2Fmusique%2Fwp-json%2Fwp%2Fv2%2Fpages%2F27\" title=\"Twitter\" rel=\"nofollow noopener\" target=\"_blank\" style=\"font-size:32px!important;box-shadow:none;display:inline-block;vertical-align:middle\"><span class=\"heateor_sss_svg heateor_sss_s__default heateor_sss_s_twitter\" style=\"background-color:#55acee;width:40px;height:40px;border-radius:999px;display:inline-block;opacity:1;float:left;font-size:32px;box-shadow:none;display:inline-block;font-size:16px;padding:0 4px;vertical-align:middle;background-repeat:repeat;overflow:hidden;padding:0;cursor:pointer;box-sizing:content-box\"><svg style=\"display:block;border-radius:999px;\" focusable=\"false\" aria-hidden=\"true\" xmlns=\"http:\/\/www.w3.org\/2000\/svg\" width=\"100%\" height=\"100%\" viewBox=\"-4 -4 39 39\"><path d=\"M28 8.557a9.913 9.913 0 0 1-2.828.775 4.93 4.93 0 0 0 2.166-2.725 9.738 9.738 0 0 1-3.13 1.194 4.92 4.92 0 0 0-3.593-1.55 4.924 4.924 0 0 0-4.794 6.049c-4.09-.21-7.72-2.17-10.15-5.15a4.942 4.942 0 0 0-.665 2.477c0 1.71.87 3.214 2.19 4.1a4.968 4.968 0 0 1-2.23-.616v.06c0 2.39 1.7 4.38 3.952 4.83-.414.115-.85.174-1.297.174-.318 0-.626-.03-.928-.086a4.935 4.935 0 0 0 4.6 3.42 9.893 9.893 0 0 1-6.114 2.107c-.398 0-.79-.023-1.175-.068a13.953 13.953 0 0 0 7.55 2.213c9.056 0 14.01-7.507 14.01-14.013 0-.213-.005-.426-.015-.637.96-.695 1.795-1.56 2.455-2.55z\" fill=\"#fff\"><\/path><\/svg><\/span><\/a><a aria-label=\"Whatsapp\" class=\"heateor_sss_whatsapp\" href=\"https:\/\/api.whatsapp.com\/send?text=Happy%20Musique%20Note%20-%20Fini%20la%20corv%C3%A9e%20du%20solf%C3%A8ge%21%20https%3A%2F%2Fhappynote.com%2Fmusique%2Fwp-json%2Fwp%2Fv2%2Fpages%2F27\" title=\"Whatsapp\" rel=\"nofollow noopener\" target=\"_blank\" style=\"font-size:32px!important;box-shadow:none;display:inline-block;vertical-align:middle\"><span class=\"heateor_sss_svg\" style=\"background-color:#55eb4c;width:40px;height:40px;border-radius:999px;display:inline-block;opacity:1;float:left;font-size:32px;box-shadow:none;display:inline-block;font-size:16px;padding:0 4px;vertical-align:middle;background-repeat:repeat;overflow:hidden;padding:0;cursor:pointer;box-sizing:content-box\"><svg style=\"display:block;border-radius:999px;\" focusable=\"false\" aria-hidden=\"true\" xmlns=\"http:\/\/www.w3.org\/2000\/svg\" width=\"100%\" height=\"100%\" viewBox=\"-6 -5 40 40\"><path class=\"heateor_sss_svg_stroke heateor_sss_no_fill\" stroke=\"#fff\" stroke-width=\"2\" fill=\"none\" d=\"M 11.579798566743314 24.396926207859085 A 10 10 0 1 0 6.808479557110079 20.73576436351046\"><\/path><path d=\"M 7 19 l -1 6 l 6 -1\" class=\"heateor_sss_no_fill heateor_sss_svg_stroke\" stroke=\"#fff\" stroke-width=\"2\" fill=\"none\"><\/path><path d=\"M 10 10 q -1 8 8 11 c 5 -1 0 -6 -1 -3 q -4 -3 -5 -5 c 4 -2 -1 -5 -1 -4\" fill=\"#fff\"><\/path><\/svg><\/span><\/a><a aria-label=\"Pinterest\" class=\"heateor_sss_button_pinterest\" href=\"https:\/\/happynote.com\/musique\/wp-json\/wp\/v2\/pages\/27\" onclick=\"event.preventDefault();javascript:void( (function() {var e=document.createElement('script' );e.setAttribute('type','text\/javascript' );e.setAttribute('charset','UTF-8' );e.setAttribute('src','\/\/assets.pinterest.com\/js\/pinmarklet.js?r='+Math.random()*99999999);document.body.appendChild(e)})());\" title=\"Pinterest\" rel=\"noopener\" style=\"font-size:32px!important;box-shadow:none;display:inline-block;vertical-align:middle\"><span class=\"heateor_sss_svg heateor_sss_s__default heateor_sss_s_pinterest\" style=\"background-color:#cc2329;width:40px;height:40px;border-radius:999px;display:inline-block;opacity:1;float:left;font-size:32px;box-shadow:none;display:inline-block;font-size:16px;padding:0 4px;vertical-align:middle;background-repeat:repeat;overflow:hidden;padding:0;cursor:pointer;box-sizing:content-box\"><svg style=\"display:block;border-radius:999px;\" focusable=\"false\" aria-hidden=\"true\" xmlns=\"http:\/\/www.w3.org\/2000\/svg\" width=\"100%\" height=\"100%\" viewBox=\"-2 -2 35 35\"><path fill=\"#fff\" d=\"M16.539 4.5c-6.277 0-9.442 4.5-9.442 8.253 0 2.272.86 4.293 2.705 5.046.303.125.574.005.662-.33.061-.231.205-.816.27-1.06.088-.331.053-.447-.191-.736-.532-.627-.873-1.439-.873-2.591 0-3.338 2.498-6.327 6.505-6.327 3.548 0 5.497 2.168 5.497 5.062 0 3.81-1.686 7.025-4.188 7.025-1.382 0-2.416-1.142-2.085-2.545.397-1.674 1.166-3.48 1.166-4.689 0-1.081-.581-1.983-1.782-1.983-1.413 0-2.548 1.462-2.548 3.419 0 1.247.421 2.091.421 2.091l-1.699 7.199c-.505 2.137-.076 4.755-.039 5.019.021.158.223.196.314.077.13-.17 1.813-2.247 2.384-4.324.162-.587.929-3.631.929-3.631.46.876 1.801 1.646 3.227 1.646 4.247 0 7.128-3.871 7.128-9.053.003-3.918-3.317-7.568-8.361-7.568z\"\/><\/svg><\/span><\/a><a class=\"heateor_sss_more\" aria-label=\"More\" title=\"More\" rel=\"nofollow noopener\" style=\"font-size: 32px!important;border:0;box-shadow:none;display:inline-block!important;font-size:16px;padding:0 4px;vertical-align: middle;display:inline;\" href=\"https:\/\/happynote.com\/musique\/wp-json\/wp\/v2\/pages\/27\" onclick=\"event.preventDefault()\"><span class=\"heateor_sss_svg\" style=\"background-color:#ee8e2d;width:40px;height:40px;border-radius:999px;display:inline-block!important;opacity:1;float:left;font-size:32px!important;box-shadow:none;display:inline-block;font-size:16px;padding:0 4px;vertical-align:middle;display:inline;background-repeat:repeat;overflow:hidden;padding:0;cursor:pointer;box-sizing:content-box;\" onclick=\"heateorSssMoreSharingPopup(this, 'https:\/\/happynote.com\/musique\/wp-json\/wp\/v2\/pages\/27', 'Happy%20Musique%20Note%20-%20Fini%20la%20corv%C3%A9e%20du%20solf%C3%A8ge%21', '' )\"><svg xmlns=\"http:\/\/www.w3.org\/2000\/svg\" xmlns:xlink=\"http:\/\/www.w3.org\/1999\/xlink\" viewBox=\"-.3 0 32 32\" version=\"1.1\" width=\"100%\" height=\"100%\" style=\"display:block;border-radius:999px;\" xml:space=\"preserve\"><g><path fill=\"#fff\" d=\"M18 14V8h-4v6H8v4h6v6h4v-6h6v-4h-6z\" fill-rule=\"evenodd\"><\/path><\/g><\/svg><\/span><\/a><\/div><div class=\"heateorSssClear\"><\/div><\/div>","protected":false},"author":1,"featured_media":0,"parent":0,"menu_order":0,"comment_status":"closed","ping_status":"closed","template":"","meta":{"footnotes":""},"class_list":["post-27","page","type-page","status-publish","hentry"],"_links":{"self":[{"href":"https:\/\/happynote.com\/musique\/wp-json\/wp\/v2\/pages\/27","targetHints":{"allow":["GET"]}}],"collection":[{"href":"https:\/\/happynote.com\/musique\/wp-json\/wp\/v2\/pages"}],"about":[{"href":"https:\/\/happynote.com\/musique\/wp-json\/wp\/v2\/types\/page"}],"author":[{"embeddable":true,"href":"https:\/\/happynote.com\/musique\/wp-json\/wp\/v2\/users\/1"}],"replies":[{"embeddable":true,"href":"https:\/\/happynote.com\/musique\/wp-json\/wp\/v2\/comments?post=27"}],"version-history":[{"count":58,"href":"https:\/\/happynote.com\/musique\/wp-json\/wp\/v2\/pages\/27\/revisions"}],"predecessor-version":[{"id":3704,"href":"https:\/\/happynote.com\/musique\/wp-json\/wp\/v2\/pages\/27\/revisions\/3704"}],"wp:attachment":[{"href":"https:\/\/happynote.com\/musique\/wp-json\/wp\/v2\/media?parent=27"}],"curies":[{"name":"wp","href":"https:\/\/api.w.org\/{rel}","templated":true}]}}