{"id":3,"date":"2018-12-10T10:33:40","date_gmt":"2018-12-10T09:33:40","guid":{"rendered":"https:\/\/happynote.com\/musique\/?page_id=3"},"modified":"2022-08-28T06:14:42","modified_gmt":"2022-08-28T04:14:42","slug":"politique-de-confidentialite","status":"publish","type":"page","link":"https:\/\/happynote.com\/musique\/politique-de-confidentialite\/","title":{"rendered":"Politique de confidentialit\u00e9"},"content":{"rendered":"<h2>Qui sommes-nous\u00a0?<\/h2>\n<p>L\u2019adresse de notre site Web en fran\u00e7ais est : <a href=\"https:\/\/happynote.com\/musique\/\">https:\/\/happynote.com\/musique\/<\/a><\/p>\n<h2>Utilisation des donn\u00e9es personnelles collect\u00e9es<\/h2>\n<h3>Google Analytics<\/h3>\n<p>Ce site utilise Google Analytics. Veuillez vous r\u00e9f\u00e9rer \u00e0 l&rsquo;article <a href=\"https:\/\/support.google.com\/analytics\/answer\/6004245?hl=fr\" target=\"_blank\" rel=\"noopener noreferrer\">Informations destin\u00e9es aux visiteurs de sites et d&rsquo;applications utilisant Google Analytics<\/a> pour en savoir plus.<\/p>\n<h3>Google Adsense<\/h3>\n<ul>\n<li>Les fournisseurs tiers, y compris Google, utilisent des cookies pour diffuser des annonces en fonction des visites ant\u00e9rieures des internautes sur votre site Web ou sur d&rsquo;autres pages.<\/li>\n<li>Gr\u00e2ce aux cookies publicitaires, Google et ses partenaires adaptent les annonces diffus\u00e9es aupr\u00e8s de vos visiteurs en fonction de leur navigation sur vos sites et\/ou d&rsquo;autres sites Web.<\/li>\n<li>Les utilisateurs peuvent choisir de d\u00e9sactiver la publicit\u00e9 personnalis\u00e9e dans les\u00a0<a href=\"https:\/\/www.google.com\/settings\/ads\" target=\"_blank\" rel=\"noopener noreferrer\">Param\u00e8tres des annonces<\/a><\/li>\n<\/ul>\n<h3>Adresse de Courriel<\/h3>\n<p>Si vous vous inscrivez \u00e0 notre lettre de diffusion, votre adresse de courriel est enregistr\u00e9e dans la base de donn\u00e9es du script Phplist, install\u00e9 sur notre serveur. Votre adresse de courriel n&rsquo;est jamais communiqu\u00e9e \u00e0 des services tiers. Vous pouvez vous d\u00e9sinscrire \u00e0 tout moment, ce qui entraine la suppression d\u00e9finitive de votre adresse de courriel de la base de donn\u00e9es.<\/p>\n<h3>Contenu embarqu\u00e9 depuis d\u2019autres sites<\/h3>\n<p>Les articles de ce site peuvent inclure des contenus int\u00e9gr\u00e9s (par exemple des vid\u00e9os, images, articles\u2026). Le contenu int\u00e9gr\u00e9 depuis d\u2019autres sites se comporte de la m\u00eame mani\u00e8re que si le visiteur se rendait sur cet autre site.<\/p>\n<p>Ces sites web pourraient collecter des donn\u00e9es sur vous, utiliser des cookies, embarquer des outils de suivis tiers, suivre vos interactions avec ces contenus embarqu\u00e9s si vous disposez d\u2019un compte connect\u00e9 sur leur site web.<\/p>\n<h3>Commentaires<\/h3>\n<p>Quand vous laissez un commentaire sur notre site web, les donn\u00e9es inscrites dans le formulaire de commentaire, mais aussi votre adresse IP et l\u2019agent utilisateur de votre navigateur sont collect\u00e9s pour nous aider \u00e0 la d\u00e9tection des commentaires ind\u00e9sirables.<\/p>\n<p>Une cha\u00eene anonymis\u00e9e cr\u00e9\u00e9e \u00e0 partir de votre adresse de messagerie (\u00e9galement appel\u00e9e hash) peut \u00eatre envoy\u00e9e au service Gravatar pour v\u00e9rifier si vous utilisez ce dernier. Les clauses de confidentialit\u00e9 du service Gravatar sont disponibles ici\u00a0: https:\/\/automattic.com\/privacy\/. Apr\u00e8s validation de votre commentaire, votre photo de profil sera visible publiquement \u00e0 cot\u00e9 de votre commentaire.<\/p>\n","protected":false},"excerpt":{"rendered":"<p>Qui sommes-nous\u00a0? L\u2019adresse de notre site Web en fran\u00e7ais est : https:\/\/happynote.com\/musique\/ Utilisation des donn\u00e9es personnelles collect\u00e9es Google Analytics Ce site utilise Google Analytics. Veuillez vous r\u00e9f\u00e9rer \u00e0 l&rsquo;article Informations &hellip; <\/p>\n","protected":false},"author":1,"featured_media":0,"parent":0,"menu_order":0,"comment_status":"closed","ping_status":"closed","template":"","meta":{"footnotes":""},"class_list":["post-3","page","type-page","status-publish","hentry"],"_links":{"self":[{"href":"https:\/\/happynote.com\/musique\/wp-json\/wp\/v2\/pages\/3","targetHints":{"allow":["GET"]}}],"collection":[{"href":"https:\/\/happynote.com\/musique\/wp-json\/wp\/v2\/pages"}],"about":[{"href":"https:\/\/happynote.com\/musique\/wp-json\/wp\/v2\/types\/page"}],"author":[{"embeddable":true,"href":"https:\/\/happynote.com\/musique\/wp-json\/wp\/v2\/users\/1"}],"replies":[{"embeddable":true,"href":"https:\/\/happynote.com\/musique\/wp-json\/wp\/v2\/comments?post=3"}],"version-history":[{"count":5,"href":"https:\/\/happynote.com\/musique\/wp-json\/wp\/v2\/pages\/3\/revisions"}],"predecessor-version":[{"id":1929,"href":"https:\/\/happynote.com\/musique\/wp-json\/wp\/v2\/pages\/3\/revisions\/1929"}],"wp:attachment":[{"href":"https:\/\/happynote.com\/musique\/wp-json\/wp\/v2\/media?parent=3"}],"curies":[{"name":"wp","href":"https:\/\/api.w.org\/{rel}","templated":true}]}}