{"id":777,"date":"2018-12-18T17:16:47","date_gmt":"2018-12-18T16:16:47","guid":{"rendered":"https:\/\/happynote.com\/musique\/?page_id=777"},"modified":"2025-09-28T09:11:44","modified_gmt":"2025-09-28T07:11:44","slug":"diese-bemol-becarre-alterations-musicales","status":"publish","type":"page","link":"https:\/\/happynote.com\/musique\/apprendre-le-solfege\/diese-bemol-becarre-alterations-musicales\/","title":{"rendered":"Di\u00e8se &#8211; B\u00e9mol &#8211; B\u00e9carre &#8211; Alt\u00e9ration (musique)"},"content":{"rendered":"<p>Le <strong>di\u00e8se<\/strong>, le <strong>b\u00e9mol<\/strong> et le <strong>b\u00e9carre<\/strong> sont des symboles musicaux appel\u00e9s alt\u00e9rations. Ils modifient la hauter des notes de musique d&rsquo;un demi-ton chromatique<\/p>\n<p>En <a href=\"https:\/\/happynote.com\/musique\/solfege\/\">solf\u00e8ge<\/a>, il existe en r\u00e9alit\u00e9 cinq alt\u00e9rations: trois simples et deux doubles.<\/p>\n<div id=\"ez-toc-container\" class=\"ez-toc-v2_0_82_2 counter-hierarchy ez-toc-counter ez-toc-custom ez-toc-container-direction\">\n<p class=\"ez-toc-title\" style=\"cursor:inherit\">AFFICHER\/MASQUER LE SOMMAIRE<\/p>\n<label for=\"ez-toc-cssicon-toggle-item-69de57742582b\" class=\"ez-toc-cssicon-toggle-label\"><span class=\"\"><span class=\"eztoc-hide\" style=\"display:none;\">Toggle<\/span><span class=\"ez-toc-icon-toggle-span\"><svg style=\"fill: #999;color:#999\" xmlns=\"http:\/\/www.w3.org\/2000\/svg\" class=\"list-377408\" width=\"20px\" height=\"20px\" viewBox=\"0 0 24 24\" fill=\"none\"><path d=\"M6 6H4v2h2V6zm14 0H8v2h12V6zM4 11h2v2H4v-2zm16 0H8v2h12v-2zM4 16h2v2H4v-2zm16 0H8v2h12v-2z\" fill=\"currentColor\"><\/path><\/svg><svg style=\"fill: #999;color:#999\" class=\"arrow-unsorted-368013\" xmlns=\"http:\/\/www.w3.org\/2000\/svg\" width=\"10px\" height=\"10px\" viewBox=\"0 0 24 24\" version=\"1.2\" baseProfile=\"tiny\"><path d=\"M18.2 9.3l-6.2-6.3-6.2 6.3c-.2.2-.3.4-.3.7s.1.5.3.7c.2.2.4.3.7.3h11c.3 0 .5-.1.7-.3.2-.2.3-.5.3-.7s-.1-.5-.3-.7zM5.8 14.7l6.2 6.3 6.2-6.3c.2-.2.3-.5.3-.7s-.1-.5-.3-.7c-.2-.2-.4-.3-.7-.3h-11c-.3 0-.5.1-.7.3-.2.2-.3.5-.3.7s.1.5.3.7z\"\/><\/svg><\/span><\/span><\/label><input type=\"checkbox\"  id=\"ez-toc-cssicon-toggle-item-69de57742582b\" checked aria-label=\"Toggle\" \/><nav><ul class='ez-toc-list ez-toc-list-level-1 ' ><li class='ez-toc-page-1 ez-toc-heading-level-2'><a class=\"ez-toc-link ez-toc-heading-1\" href=\"https:\/\/happynote.com\/musique\/apprendre-le-solfege\/diese-bemol-becarre-alterations-musicales\/#Diese_%E2%80%93_Bemol_%E2%80%93_Becarre_%E2%80%93_Alterations_simples\" >Di\u00e8se &#8211; B\u00e9mol &#8211; B\u00e9carre &#8211; Alt\u00e9rations simples<\/a><\/li><li class='ez-toc-page-1 ez-toc-heading-level-2'><a class=\"ez-toc-link ez-toc-heading-2\" href=\"https:\/\/happynote.com\/musique\/apprendre-le-solfege\/diese-bemol-becarre-alterations-musicales\/#Double_diese_%E2%80%93_Double_bemol_%E2%80%93_Alterations_doubles\" >Double di\u00e8se &#8211; Double b\u00e9mol &#8211; Alt\u00e9rations doubles<\/a><ul class='ez-toc-list-level-3' ><li class='ez-toc-heading-level-3'><a class=\"ez-toc-link ez-toc-heading-3\" href=\"https:\/\/happynote.com\/musique\/apprendre-le-solfege\/diese-bemol-becarre-alterations-musicales\/#Alterations_doubles_remplacees_par_des_alterations_simples\" >Alt\u00e9rations doubles remplac\u00e9es par des alt\u00e9rations simples<\/a><\/li><\/ul><\/li><li class='ez-toc-page-1 ez-toc-heading-level-2'><a class=\"ez-toc-link ez-toc-heading-4\" href=\"https:\/\/happynote.com\/musique\/apprendre-le-solfege\/diese-bemol-becarre-alterations-musicales\/#Alterations_accidentelles_et_alterations_constitutives\" >Alt\u00e9rations accidentelles et alt\u00e9rations constitutives<\/a><ul class='ez-toc-list-level-3' ><li class='ez-toc-heading-level-3'><a class=\"ez-toc-link ez-toc-heading-5\" href=\"https:\/\/happynote.com\/musique\/apprendre-le-solfege\/diese-bemol-becarre-alterations-musicales\/#Alterations_accidentelles\" >Alt\u00e9rations accidentelles<\/a><\/li><li class='ez-toc-page-1 ez-toc-heading-level-3'><a class=\"ez-toc-link ez-toc-heading-6\" href=\"https:\/\/happynote.com\/musique\/apprendre-le-solfege\/diese-bemol-becarre-alterations-musicales\/#Alterations_constitutives_armure_de_la_cle\" >Alt\u00e9rations constitutives (armure de la cl\u00e9)<\/a><\/li><\/ul><\/li><\/ul><\/nav><\/div>\n<h2><span class=\"ez-toc-section\" id=\"Diese_%E2%80%93_Bemol_%E2%80%93_Becarre_%E2%80%93_Alterations_simples\"><\/span>Di\u00e8se &#8211; B\u00e9mol &#8211; B\u00e9carre &#8211; Alt\u00e9rations simples<span class=\"ez-toc-section-end\"><\/span><\/h2>\n<p>Les alt\u00e9rations simples sont de tr\u00e8s loin les plus courantes. Il en existe trois\u00a0:<\/p>\n<ul>\n<li>le\u00a0<b>di\u00e8se<\/b>\u00a0&#8211; <img loading=\"lazy\" decoding=\"async\" src=\"https:\/\/happynote.com\/musique\/wp-content\/uploads\/2018\/12\/diese.png\" alt=\"Le di\u00e8se. Cette alt\u00e9ration accidentelle hausse le nom d'un demi-ton chromatique.\" width=\"6\" height=\"20\" \/> &#8211; qui hausse la note de musique d&rsquo;un demi-ton chromatique\u00a0:<\/li>\n<li>le\u00a0<b>b\u00e9mol<\/b>\u00a0&#8211;\u00a0<img loading=\"lazy\" decoding=\"async\" class=\"alignnone wp-image-780 size-full\" src=\"https:\/\/happynote.com\/musique\/wp-content\/uploads\/2018\/12\/bemol.png\" alt=\"Le b\u00e9mol est une alt\u00e9ration qui baisse le nom de la note d'un demi-ton chromatique\" width=\"6\" height=\"16\" \/> &#8211; qui baisse la note de musique d&rsquo;un demi-ton chromatique<\/li>\n<li>le\u00a0<b>b\u00e9carre<\/b>\u00a0&#8211;\u00a0<img loading=\"lazy\" decoding=\"async\" class=\"alignnone size-full wp-image-781\" src=\"https:\/\/happynote.com\/musique\/wp-content\/uploads\/2018\/12\/becarre.png\" alt=\"b\u00e9carre\" width=\"5\" height=\"20\" \/> &#8211; qui annule le di\u00e8se ou le b\u00e9mol (et annule aussi le double di\u00e8se et le double b\u00e9mol, le double b\u00e9carre n&rsquo;\u00e9tant plus usit\u00e9)<\/li>\n<\/ul>\n<h2><span class=\"ez-toc-section\" id=\"Double_diese_%E2%80%93_Double_bemol_%E2%80%93_Alterations_doubles\"><\/span>Double di\u00e8se &#8211; Double b\u00e9mol &#8211; Alt\u00e9rations doubles<span class=\"ez-toc-section-end\"><\/span><\/h2>\n<p>Aux trois alt\u00e9rations principales que sont le di\u00e8se, le b\u00e9mol et le b\u00e9carre viennent s&rsquo;ajouter\u00a0:<\/p>\n<ul>\n<li>le\u00a0<b>double di\u00e8se<\/b>\u00a0&#8211;<img loading=\"lazy\" decoding=\"async\" class=\"alignnone wp-image-783 size-full\" src=\"https:\/\/happynote.com\/musique\/wp-content\/uploads\/2018\/12\/double-diese.png\" alt=\"Le double di\u00e8se hausse la note de deux demi-tons chromatiques\" width=\"11\" height=\"27\" \/> &#8211; qui \u00e9l\u00e8ve la note de musique de deux demi-tons chromatiques<\/li>\n<li>le\u00a0<b>double b\u00e9mol<\/b>\u00a0&#8211;\u00a0<img loading=\"lazy\" decoding=\"async\" class=\"alignnone size-full wp-image-784\" src=\"https:\/\/happynote.com\/musique\/wp-content\/uploads\/2018\/12\/double-bemol.png\" alt=\"Le double b\u00e9mol est une alt\u00e9ration musicale qui baisse la hauteur de la note de musique de deux demi-tons chromatiques\" width=\"13\" height=\"21\" \/>\u00a0&#8211; qui abaisse la note de musique de deux demi-tons chromatiques<\/li>\n<\/ul>\n<h3><span class=\"ez-toc-section\" id=\"Alterations_doubles_remplacees_par_des_alterations_simples\"><\/span>Alt\u00e9rations doubles remplac\u00e9es par des alt\u00e9rations simples<span class=\"ez-toc-section-end\"><\/span><\/h3>\n<p>Le double b\u00e9carre\u00a0&#8211; <img loading=\"lazy\" decoding=\"async\" class=\"alignnone size-full wp-image-781\" src=\"https:\/\/happynote.com\/musique\/wp-content\/uploads\/2018\/12\/becarre.png\" alt=\"b\u00e9carre\" width=\"5\" height=\"20\" \/> <img loading=\"lazy\" decoding=\"async\" class=\"alignnone size-full wp-image-781\" src=\"https:\/\/happynote.com\/musique\/wp-content\/uploads\/2018\/12\/becarre.png\" alt=\"b\u00e9carre\" width=\"5\" height=\"20\" \/> &#8211; avait pour fonction de neutraliser les effets d\u2019un double di\u00e8se ou d\u2019un double b\u00e9mol, r\u00e9tablissant ainsi la note \u00e0 sa hauteur naturelle. \u00c0 pr\u00e9sent, un b\u00e9carre simple suffit \u00e0 produire cet effet.<\/p>\n<p>Le b\u00e9carre-di\u00e8se &#8211; <img loading=\"lazy\" decoding=\"async\" class=\"alignnone size-full wp-image-781\" src=\"https:\/\/happynote.com\/musique\/wp-content\/uploads\/2018\/12\/becarre.png\" alt=\"b\u00e9carre\" width=\"5\" height=\"20\" \/> <img loading=\"lazy\" decoding=\"async\" src=\"https:\/\/happynote.com\/musique\/wp-content\/uploads\/2018\/12\/diese.png\" alt=\"di\u00e8se\" width=\"6\" height=\"20\" \/> &#8211; modifiait une note affect\u00e9e d\u2019un double di\u00e8se en une note simplement di\u00e9s\u00e9e ; cette correction s\u2019effectue d\u00e9sormais \u00e0 l\u2019aide d\u2019un seul di\u00e8se.<\/p>\n<p>De son c\u00f4t\u00e9, le b\u00e9carre-b\u00e9mol <img loading=\"lazy\" decoding=\"async\" class=\"alignnone size-full wp-image-781\" src=\"https:\/\/happynote.com\/musique\/wp-content\/uploads\/2018\/12\/becarre.png\" alt=\"b\u00e9carre\" width=\"5\" height=\"20\" \/> <img loading=\"lazy\" decoding=\"async\" class=\"alignnone wp-image-780 size-full\" src=\"https:\/\/happynote.com\/musique\/wp-content\/uploads\/2018\/12\/bemol.png\" alt=\"b\u00e9mol\" width=\"6\" height=\"16\" \/> &#8211; corrigeait une alt\u00e9ration par double b\u00e9mol pour la ramener \u00e0 un simple b\u00e9mol, op\u00e9ration aujourd\u2019hui r\u00e9alis\u00e9e avec un b\u00e9mol isol\u00e9.<\/p>\n<h2><span class=\"ez-toc-section\" id=\"Alterations_accidentelles_et_alterations_constitutives\"><\/span>Alt\u00e9rations accidentelles et alt\u00e9rations constitutives<span class=\"ez-toc-section-end\"><\/span><\/h2>\n<h3><span class=\"ez-toc-section\" id=\"Alterations_accidentelles\"><\/span>Alt\u00e9rations accidentelles<span class=\"ez-toc-section-end\"><\/span><\/h3>\n<p>Les\u00a0<b>alt\u00e9rations accidentelles<\/b>\u00a0se placent devant une note, \u00e0 l&rsquo;int\u00e9rieur d&rsquo;une mesure\u00a0: elles affectent toutes les notes de m\u00eame nom et de m\u00eame hauteur, \u00e0 l&rsquo;int\u00e9rieur de cette mesure (la mesure est l&rsquo;espace compris entre les deux barres verticales de mesure).<\/p>\n<div class='code-block code-block-14' style='margin: 8px auto; text-align: center; display: block; clear: both;'>\n<hr \/>\n<p><strong>D\u00e9butez ou am\u00e9liorez votre lecture musicale avec l'aide des notes en couleur !<\/strong><\/p>\n\n<div class=\"youtube-video\" style=\"text-align: center;\"><iframe loading=\"lazy\" width=\"560\" height=\"315\" src=\"https:\/\/www.youtube-nocookie.com\/embed\/qxjLU4yyU8g?si=lnZfAUpdNvodqLM_\" title=\"YouTube video player\" frameborder=\"0\" allow=\"accelerometer; autoplay; clipboard-write; encrypted-media; gyroscope; picture-in-picture; web-share\" referrerpolicy=\"strict-origin-when-cross-origin\" allowfullscreen><\/iframe><\/div>\n<hr \/><\/div>\n\n<h3><span class=\"ez-toc-section\" id=\"Alterations_constitutives_armure_de_la_cle\"><\/span>Alt\u00e9rations constitutives (armure de la cl\u00e9)<span class=\"ez-toc-section-end\"><\/span><\/h3>\n<p>Les\u00a0<b>alt\u00e9rations constitutives<\/b>, appel\u00e9es <a href=\"https:\/\/fr.wikipedia.org\/wiki\/Armure_(musique)\" target=\"_blank\" rel=\"noopener noreferrer\">Armure de la cl\u00e9<\/a>, se placent au d\u00e9but du morceau juste apr\u00e8s la\u00a0<a href=\"https:\/\/happynote.com\/musique\/cles-musique-clef-sol-fa-ut-do\/\">cl\u00e9 musicale<\/a> : elles affectent toutes les notes du morceau, durant toute sa dur\u00e9e.<\/p>\n<p>Contrairement aux alt\u00e9rations accidentelles qui affectent une note et une hauteur de note, les alt\u00e9rations constitutives affectent toutes les notes de m\u00eame nom, quelque soit leurs hauteurs.<\/p>\n<p>L&rsquo;armure de la clef peut \u00eatre en di\u00e8ses (de un \u00e0 sept di\u00e8ses) ou en b\u00e9mols (de un \u00e0 sept b\u00e9mols).<\/p>\n<p>En cas de conflit entre une alt\u00e9ration accidentelle et une alt\u00e9ration constitutive, c&rsquo;est l&rsquo;alt\u00e9ration accidentelle qui s&rsquo;applique.<\/p>\n<figure id=\"attachment_1606\" aria-describedby=\"caption-attachment-1606\" style=\"width: 500px\" class=\"wp-caption aligncenter\"><a href=\"https:\/\/happynote.com\/musique\/joyeux-anniversaire-souris-musiciennes-piano\/\"><img loading=\"lazy\" decoding=\"async\" class=\"wp-image-1606\" src=\"https:\/\/happynote.com\/musique\/wp-content\/uploads\/2020\/06\/joyeux-anniversaire-souris-musiciennes-piano.jpg\" alt=\"Capture d'\u00e9cran d'un dessin anim\u00e9 avec 8 souris jouant Joyeux Anniversaire sur un piano, sans utiliser ni di\u00e8ses ni b\u00e9mols.\" width=\"500\" height=\"375\" srcset=\"https:\/\/happynote.com\/musique\/wp-content\/uploads\/2020\/06\/joyeux-anniversaire-souris-musiciennes-piano.jpg 735w, https:\/\/happynote.com\/musique\/wp-content\/uploads\/2020\/06\/joyeux-anniversaire-souris-musiciennes-piano-300x225.jpg 300w\" sizes=\"auto, (max-width: 500px) 100vw, 500px\" \/><\/a><figcaption id=\"caption-attachment-1606\" class=\"wp-caption-text\">Ces souris musiciennes qui jouent <em>Joyeux Anniversaire<\/em> sur les notes de la gamme de Do Majeur n&rsquo;utilisent aucune alt\u00e9ration et donc aucune <a href=\"https:\/\/happynote.com\/musique\/piano\/notes-du-piano-touches-blanches-noires\/\">touche noire<\/a>!<\/figcaption><\/figure>\n<h5>Exemple d&rsquo;armure de la cl\u00e9 avec quatre di\u00e8ses (Do# mineur)<\/h5>\n<p>La tr\u00e8s c\u00e9l\u00e8bre <em>sonate num\u00e9ro 14<\/em> de Ludwig van Beethoven, dite \u00ab <em>Au clair de lune<\/em> \u00bb est \u00e9crite dans la tonalit\u00e9 de Do di\u00e8se mineur, laquelle requi\u00e8re quatre di\u00e8se &#8211; Fa, Do, Sol, Re &#8211; \u00e0 l&rsquo;armure de la cl\u00e9. &#8211; Vladimir Ashkenazy, piano<\/p>\n<div class=\"youtube-video\" style=\"text-align: center;\"><iframe loading=\"lazy\" src=\"https:\/\/www.youtube-nocookie.com\/embed\/YmVCcF42f-0\" width=\"728\" height=\"435\" frameborder=\"0\" allowfullscreen=\"allowfullscreen\"><\/iframe><\/div>\n<h5>Exemple d&rsquo;armure de la cl\u00e9 avec trois b\u00e9mols<\/h5>\n<p>Le second impromptu de Franz Schubert est \u00e9crit sur la <a href=\"https:\/\/happynote.com\/musique\/solfege\/gamme-majeure-mineure-chromatique\/\">gamme<\/a> (ou tonalit\u00e9) de Mi b\u00e9mol Majeur, laquelle requi\u00e8re trois b\u00e9mols &#8211; Si, Mi, La &#8211; \u00e0 l&rsquo;armure de la cl\u00e9. &#8211; Daniel Barenboim, Piano<\/p>\n<div class=\"youtube-video\" style=\"text-align: center;\"><iframe loading=\"lazy\" src=\"https:\/\/www.youtube-nocookie.com\/embed\/pGbh_oAwuOE\" width=\"728\" height=\"435\" frameborder=\"0\" allowfullscreen=\"allowfullscreen\"><\/iframe><\/div>\n<p>&nbsp;<\/p>\n<h4>Alt\u00e9rations et touches noires des claviers (piano, orgue, clavecin&#8230;)<\/h4>\n<p>Chaque touche noire d&rsquo;un clavier musical peut \u00eatre \u00e0 la fois un di\u00e8se ou un b\u00e9mol : visitez la page <a href=\"https:\/\/happynote.com\/musique\/notes-du-piano\/\">Les notes du piano : touches noires, touches blanches<\/a>.<\/p>\n","protected":false},"excerpt":{"rendered":"<p>Le di\u00e8se, le b\u00e9mol et le b\u00e9carre sont des symboles musicaux appel\u00e9s alt\u00e9rations. Ils modifient la hauter des notes de musique d&rsquo;un demi-ton chromatique En solf\u00e8ge, il existe en r\u00e9alit\u00e9 &hellip; <\/p>\n<div class='heateor_sss_sharing_container heateor_sss_vertical_sharing' style='width:44px;left: 90px;top: 350px;-webkit-box-shadow:none;box-shadow:none;' data-heateor-sss-href='https:\/\/happynote.com\/musique\/wp-json\/wp\/v2\/pages\/777'><div class=\"heateor_sss_sharing_ul\"><a aria-label=\"Facebook\" class=\"heateor_sss_facebook\" href=\"https:\/\/www.facebook.com\/sharer\/sharer.php?u=https%3A%2F%2Fhappynote.com%2Fmusique%2Fwp-json%2Fwp%2Fv2%2Fpages%2F777\" title=\"Facebook\" rel=\"nofollow noopener\" target=\"_blank\" style=\"font-size:32px!important;box-shadow:none;display:inline-block;vertical-align:middle\"><span class=\"heateor_sss_svg\" style=\"background-color:#0765FE;width:40px;height:40px;border-radius:999px;display:inline-block;opacity:1;float:left;font-size:32px;box-shadow:none;display:inline-block;font-size:16px;padding:0 4px;vertical-align:middle;background-repeat:repeat;overflow:hidden;padding:0;cursor:pointer;box-sizing:content-box\"><svg style=\"display:block;border-radius:999px;\" focusable=\"false\" aria-hidden=\"true\" xmlns=\"http:\/\/www.w3.org\/2000\/svg\" width=\"100%\" height=\"100%\" viewBox=\"0 0 32 32\"><path fill=\"#fff\" d=\"M28 16c0-6.627-5.373-12-12-12S4 9.373 4 16c0 5.628 3.875 10.35 9.101 11.647v-7.98h-2.474V16H13.1v-1.58c0-4.085 1.849-5.978 5.859-5.978.76 0 2.072.15 2.608.298v3.325c-.283-.03-.775-.045-1.386-.045-1.967 0-2.728.745-2.728 2.683V16h3.92l-.673 3.667h-3.247v8.245C23.395 27.195 28 22.135 28 16Z\"><\/path><\/svg><\/span><\/a><a aria-label=\"Twitter\" class=\"heateor_sss_button_twitter\" href=\"https:\/\/twitter.com\/intent\/tweet?text=Happy%20Musique%20Note%20-%20Fini%20la%20corv%C3%A9e%20du%20solf%C3%A8ge%21&url=https%3A%2F%2Fhappynote.com%2Fmusique%2Fwp-json%2Fwp%2Fv2%2Fpages%2F777\" title=\"Twitter\" rel=\"nofollow noopener\" target=\"_blank\" style=\"font-size:32px!important;box-shadow:none;display:inline-block;vertical-align:middle\"><span class=\"heateor_sss_svg heateor_sss_s__default heateor_sss_s_twitter\" style=\"background-color:#55acee;width:40px;height:40px;border-radius:999px;display:inline-block;opacity:1;float:left;font-size:32px;box-shadow:none;display:inline-block;font-size:16px;padding:0 4px;vertical-align:middle;background-repeat:repeat;overflow:hidden;padding:0;cursor:pointer;box-sizing:content-box\"><svg style=\"display:block;border-radius:999px;\" focusable=\"false\" aria-hidden=\"true\" xmlns=\"http:\/\/www.w3.org\/2000\/svg\" width=\"100%\" height=\"100%\" viewBox=\"-4 -4 39 39\"><path d=\"M28 8.557a9.913 9.913 0 0 1-2.828.775 4.93 4.93 0 0 0 2.166-2.725 9.738 9.738 0 0 1-3.13 1.194 4.92 4.92 0 0 0-3.593-1.55 4.924 4.924 0 0 0-4.794 6.049c-4.09-.21-7.72-2.17-10.15-5.15a4.942 4.942 0 0 0-.665 2.477c0 1.71.87 3.214 2.19 4.1a4.968 4.968 0 0 1-2.23-.616v.06c0 2.39 1.7 4.38 3.952 4.83-.414.115-.85.174-1.297.174-.318 0-.626-.03-.928-.086a4.935 4.935 0 0 0 4.6 3.42 9.893 9.893 0 0 1-6.114 2.107c-.398 0-.79-.023-1.175-.068a13.953 13.953 0 0 0 7.55 2.213c9.056 0 14.01-7.507 14.01-14.013 0-.213-.005-.426-.015-.637.96-.695 1.795-1.56 2.455-2.55z\" fill=\"#fff\"><\/path><\/svg><\/span><\/a><a aria-label=\"Whatsapp\" class=\"heateor_sss_whatsapp\" href=\"https:\/\/api.whatsapp.com\/send?text=Happy%20Musique%20Note%20-%20Fini%20la%20corv%C3%A9e%20du%20solf%C3%A8ge%21%20https%3A%2F%2Fhappynote.com%2Fmusique%2Fwp-json%2Fwp%2Fv2%2Fpages%2F777\" title=\"Whatsapp\" rel=\"nofollow noopener\" target=\"_blank\" style=\"font-size:32px!important;box-shadow:none;display:inline-block;vertical-align:middle\"><span class=\"heateor_sss_svg\" style=\"background-color:#55eb4c;width:40px;height:40px;border-radius:999px;display:inline-block;opacity:1;float:left;font-size:32px;box-shadow:none;display:inline-block;font-size:16px;padding:0 4px;vertical-align:middle;background-repeat:repeat;overflow:hidden;padding:0;cursor:pointer;box-sizing:content-box\"><svg style=\"display:block;border-radius:999px;\" focusable=\"false\" aria-hidden=\"true\" xmlns=\"http:\/\/www.w3.org\/2000\/svg\" width=\"100%\" height=\"100%\" viewBox=\"-6 -5 40 40\"><path class=\"heateor_sss_svg_stroke heateor_sss_no_fill\" stroke=\"#fff\" stroke-width=\"2\" fill=\"none\" d=\"M 11.579798566743314 24.396926207859085 A 10 10 0 1 0 6.808479557110079 20.73576436351046\"><\/path><path d=\"M 7 19 l -1 6 l 6 -1\" class=\"heateor_sss_no_fill heateor_sss_svg_stroke\" stroke=\"#fff\" stroke-width=\"2\" fill=\"none\"><\/path><path d=\"M 10 10 q -1 8 8 11 c 5 -1 0 -6 -1 -3 q -4 -3 -5 -5 c 4 -2 -1 -5 -1 -4\" fill=\"#fff\"><\/path><\/svg><\/span><\/a><a aria-label=\"Pinterest\" class=\"heateor_sss_button_pinterest\" href=\"https:\/\/happynote.com\/musique\/wp-json\/wp\/v2\/pages\/777\" onclick=\"event.preventDefault();javascript:void( (function() {var e=document.createElement('script' );e.setAttribute('type','text\/javascript' );e.setAttribute('charset','UTF-8' );e.setAttribute('src','\/\/assets.pinterest.com\/js\/pinmarklet.js?r='+Math.random()*99999999);document.body.appendChild(e)})());\" title=\"Pinterest\" rel=\"noopener\" style=\"font-size:32px!important;box-shadow:none;display:inline-block;vertical-align:middle\"><span class=\"heateor_sss_svg heateor_sss_s__default heateor_sss_s_pinterest\" style=\"background-color:#cc2329;width:40px;height:40px;border-radius:999px;display:inline-block;opacity:1;float:left;font-size:32px;box-shadow:none;display:inline-block;font-size:16px;padding:0 4px;vertical-align:middle;background-repeat:repeat;overflow:hidden;padding:0;cursor:pointer;box-sizing:content-box\"><svg style=\"display:block;border-radius:999px;\" focusable=\"false\" aria-hidden=\"true\" xmlns=\"http:\/\/www.w3.org\/2000\/svg\" width=\"100%\" height=\"100%\" viewBox=\"-2 -2 35 35\"><path fill=\"#fff\" d=\"M16.539 4.5c-6.277 0-9.442 4.5-9.442 8.253 0 2.272.86 4.293 2.705 5.046.303.125.574.005.662-.33.061-.231.205-.816.27-1.06.088-.331.053-.447-.191-.736-.532-.627-.873-1.439-.873-2.591 0-3.338 2.498-6.327 6.505-6.327 3.548 0 5.497 2.168 5.497 5.062 0 3.81-1.686 7.025-4.188 7.025-1.382 0-2.416-1.142-2.085-2.545.397-1.674 1.166-3.48 1.166-4.689 0-1.081-.581-1.983-1.782-1.983-1.413 0-2.548 1.462-2.548 3.419 0 1.247.421 2.091.421 2.091l-1.699 7.199c-.505 2.137-.076 4.755-.039 5.019.021.158.223.196.314.077.13-.17 1.813-2.247 2.384-4.324.162-.587.929-3.631.929-3.631.46.876 1.801 1.646 3.227 1.646 4.247 0 7.128-3.871 7.128-9.053.003-3.918-3.317-7.568-8.361-7.568z\"\/><\/svg><\/span><\/a><a class=\"heateor_sss_more\" aria-label=\"More\" title=\"More\" rel=\"nofollow noopener\" style=\"font-size: 32px!important;border:0;box-shadow:none;display:inline-block!important;font-size:16px;padding:0 4px;vertical-align: middle;display:inline;\" href=\"https:\/\/happynote.com\/musique\/wp-json\/wp\/v2\/pages\/777\" onclick=\"event.preventDefault()\"><span class=\"heateor_sss_svg\" style=\"background-color:#ee8e2d;width:40px;height:40px;border-radius:999px;display:inline-block!important;opacity:1;float:left;font-size:32px!important;box-shadow:none;display:inline-block;font-size:16px;padding:0 4px;vertical-align:middle;display:inline;background-repeat:repeat;overflow:hidden;padding:0;cursor:pointer;box-sizing:content-box;\" onclick=\"heateorSssMoreSharingPopup(this, 'https:\/\/happynote.com\/musique\/wp-json\/wp\/v2\/pages\/777', 'Happy%20Musique%20Note%20-%20Fini%20la%20corv%C3%A9e%20du%20solf%C3%A8ge%21', '' )\"><svg xmlns=\"http:\/\/www.w3.org\/2000\/svg\" xmlns:xlink=\"http:\/\/www.w3.org\/1999\/xlink\" viewBox=\"-.3 0 32 32\" version=\"1.1\" width=\"100%\" height=\"100%\" style=\"display:block;border-radius:999px;\" xml:space=\"preserve\"><g><path fill=\"#fff\" d=\"M18 14V8h-4v6H8v4h6v6h4v-6h6v-4h-6z\" fill-rule=\"evenodd\"><\/path><\/g><\/svg><\/span><\/a><\/div><div class=\"heateorSssClear\"><\/div><\/div>","protected":false},"author":1,"featured_media":0,"parent":102,"menu_order":0,"comment_status":"closed","ping_status":"closed","template":"","meta":{"footnotes":""},"class_list":["post-777","page","type-page","status-publish","hentry"],"_links":{"self":[{"href":"https:\/\/happynote.com\/musique\/wp-json\/wp\/v2\/pages\/777","targetHints":{"allow":["GET"]}}],"collection":[{"href":"https:\/\/happynote.com\/musique\/wp-json\/wp\/v2\/pages"}],"about":[{"href":"https:\/\/happynote.com\/musique\/wp-json\/wp\/v2\/types\/page"}],"author":[{"embeddable":true,"href":"https:\/\/happynote.com\/musique\/wp-json\/wp\/v2\/users\/1"}],"replies":[{"embeddable":true,"href":"https:\/\/happynote.com\/musique\/wp-json\/wp\/v2\/comments?post=777"}],"version-history":[{"count":33,"href":"https:\/\/happynote.com\/musique\/wp-json\/wp\/v2\/pages\/777\/revisions"}],"predecessor-version":[{"id":3789,"href":"https:\/\/happynote.com\/musique\/wp-json\/wp\/v2\/pages\/777\/revisions\/3789"}],"up":[{"embeddable":true,"href":"https:\/\/happynote.com\/musique\/wp-json\/wp\/v2\/pages\/102"}],"wp:attachment":[{"href":"https:\/\/happynote.com\/musique\/wp-json\/wp\/v2\/media?parent=777"}],"curies":[{"name":"wp","href":"https:\/\/api.w.org\/{rel}","templated":true}]}}