{"id":81,"date":"2018-12-14T06:24:18","date_gmt":"2018-12-14T05:24:18","guid":{"rendered":"https:\/\/happynote.com\/musique\/?page_id=81"},"modified":"2022-10-11T15:16:22","modified_gmt":"2022-10-11T13:16:22","slug":"oreille-absolue-musique-ecoute-notes","status":"publish","type":"page","link":"https:\/\/happynote.com\/musique\/oreille-absolue-musique-ecoute-notes\/","title":{"rendered":"Oreille Absolue: Jouez avec Musique Ecoute HN pour reconnaitre les notes \u00e0 l&rsquo;oreille"},"content":{"rendered":"<p>Tout le monde n&rsquo;a pas la chance d&rsquo;avoir <a href=\"https:\/\/fr.wikipedia.org\/wiki\/Oreille_absolue\" target=\"_blank\" rel=\"noopener noreferrer\">l&rsquo;oreille absolue<\/a>. Mais il est possible de s&rsquo;entrainer \u00e0 reconnaitre les notes de musique \u00e0 l&rsquo;oreille pour essayer de l&rsquo;acqu\u00e9rir.<\/p>\n<h2>Reconnaissance des notes \u00e0 l&rsquo;oreille: fini les fastidieuses dict\u00e9es musicales<\/h2>\n<p>Avec Musique Ecoute HN, fini les fastidieuses dict\u00e9es musicales! Il suffit de jouer pour exercer son oreille en cl\u00e9 de sol et cl\u00e9 de fa.<\/p>\n<figure id=\"attachment_86\" aria-describedby=\"caption-attachment-86\" style=\"width: 500px\" class=\"wp-caption aligncenter\"><a href=\"https:\/\/happynote.com\/musique\/oreille-absolue-musique-ecoute-notes\/telecharger-musique-ecoute\/\"><img loading=\"lazy\" decoding=\"async\" class=\"wp-image-86 size-full\" src=\"https:\/\/happynote.com\/musique\/wp-content\/uploads\/2018\/12\/ecoute-cle-sol-500x379-1.jpg\" alt=\"Oreille absolue: entra\u00eenez vous en vous amusant avec Musique Ecoute HN\" width=\"500\" height=\"375\" srcset=\"https:\/\/happynote.com\/musique\/wp-content\/uploads\/2018\/12\/ecoute-cle-sol-500x379-1.jpg 500w, https:\/\/happynote.com\/musique\/wp-content\/uploads\/2018\/12\/ecoute-cle-sol-500x379-1-300x225.jpg 300w\" sizes=\"auto, (max-width: 500px) 100vw, 500px\" \/><\/a><figcaption id=\"caption-attachment-86\" class=\"wp-caption-text\">S&rsquo;entrainer \u00e0 avoir l&rsquo;oreille absolue, en cl\u00e9 de sol et cl\u00e9 de fa, en s&rsquo;amusant, c&rsquo;est facile avec Musique Ecoute HN!<\/figcaption><\/figure>\n<p style=\"text-align: center;\"><img loading=\"lazy\" decoding=\"async\" class=\"alignnone size-full wp-image-83\" src=\"https:\/\/happynote.com\/musique\/wp-content\/uploads\/2018\/12\/hn-icone32x32.jpg\" alt=\"\" width=\"32\" height=\"32\" \/> <a href=\"https:\/\/happynote.com\/musique\/oreille-absolue-musique-ecoute-notes\/telecharger-musique-ecoute\/\">T\u00e9l\u00e9charger Musique Ecoute HN<\/a><\/p>\n<p>Aucune connaissance musicale n&rsquo;est n\u00e9cessaire pour jouer et apprendre avec Musique Ecoute HN. Si vous d\u00e9butez, laissez vous guider par le menu P\u00e9dagogie. Progressif, de 2 \u00e0 17 notes, comme celui du jeu Partition Cl\u00e9 de Sol et Cl\u00e9 de Fa HN. Sinon, vous pouvez s\u00e9lectionner pr\u00e9cis\u00e9ment chaque note de musique \u00e0 apprendre ou \u00e0 r\u00e9viser d&rsquo;un simple clic.<\/p>\n<h2>Tout le monde peut s&rsquo;entrainer \u00e0 acqu\u00e9rir l&rsquo;oreille absolue, enfant et adulte<\/h2>\n<p>D&rsquo;un simple clic, modifiez Musique Ecoute HN en d\u00e9but de jeu pour changer le nombre de Vies ou de notes de musique \u00e0 trouver pour gagner la partie. Pendant le jeu, \u00e9coutez chaque note de musique autant de fois que vous le souhaitez. A tout moment, appuyez simplement sur une touche pour entendre le LA du diapason ou voir la bonne r\u00e9ponse.<\/p>\n<h2>Un vrai jeu vid\u00e9o avec des Vies, une option Cartoons et un Hi-Score<\/h2>\n<p>Lorsqu&rsquo;il reconnait une note de musique \u00e0 l&rsquo;oreille, le joueur peut gagner une nouvelle vie. En plus, l&rsquo;option Cartoons de Musique Ecoute HN r\u00e9compense chaque bonne note par l&rsquo;image anim\u00e9e et amusante d&rsquo;un animal. Si le joueur parvient \u00e0 cliquer sur cette image avant qu&rsquo;elle ne quitte l&rsquo;\u00e9cran, il gagne des points suppl\u00e9mentaires. Musique Ecoute HN affiche une image diff\u00e9rente pour chaque note de musique, en cl\u00e9 de sol comme en cl\u00e9 de fa. L&rsquo;apprentissage de nouvelles notes permet de d\u00e9couvrir de nouvelles images.<\/p>\n<figure id=\"attachment_1384\" aria-describedby=\"caption-attachment-1384\" style=\"width: 600px\" class=\"wp-caption aligncenter\"><a href=\"https:\/\/happynote.com\/musique\/oreille-absolue-musique-ecoute-notes\/telecharger-musique-ecoute\/\"><img loading=\"lazy\" decoding=\"async\" class=\"wp-image-1384 size-full\" src=\"https:\/\/happynote.com\/musique\/wp-content\/uploads\/2019\/07\/ecoute-cle-fa-17-notes-clavier-600X495.jpg\" alt=\"Ecran d'accueil en cl\u00e9 de fa du jeu Musique Ecoute HN pour s'entrainer \u00e0 acqu\u00e9rir l'oreille absolue.\" width=\"600\" height=\"495\" srcset=\"https:\/\/happynote.com\/musique\/wp-content\/uploads\/2019\/07\/ecoute-cle-fa-17-notes-clavier-600X495.jpg 600w, https:\/\/happynote.com\/musique\/wp-content\/uploads\/2019\/07\/ecoute-cle-fa-17-notes-clavier-600X495-300x248.jpg 300w\" sizes=\"auto, (max-width: 600px) 100vw, 600px\" \/><\/a><figcaption id=\"caption-attachment-1384\" class=\"wp-caption-text\">Ecran d&rsquo;accueil du jeu Ecoute HN en cl\u00e9 de fa pour choisir les notes avec lesquelles jouer, le nombre de notes de la partie, le nombre de vies, etc.<\/figcaption><\/figure>\n<p>En fin de partie, un Hi-Score affiche le nom des meilleurs joueurs. Les points gagn\u00e9s pour chaque bonne note d\u00e9pendent du nombre de notes s\u00e9lectionn\u00e9es en d\u00e9but de partie. Donc, plus le joueur progresse, plus son score est \u00e9lev\u00e9 (17 notes de musique &#8211; La, Si, Do, Re, Mi, Fa, Sol, La, Si, Do, Re, Mi, Fa, Sol, La, Si, Do &#8211; sont disponibles en cl\u00e9 de sol, 17 notes de musique &#8211; Do, Re, Mi, Fa, Sol, La, Si, Do, Re, Mi, Fa, Sol, La, Si, Do, Re, Mi &#8211; en cl\u00e9 de fa).<\/p>\n","protected":false},"excerpt":{"rendered":"<p>Tout le monde n&rsquo;a pas la chance d&rsquo;avoir l&rsquo;oreille absolue. Mais il est possible de s&rsquo;entrainer \u00e0 reconnaitre les notes de musique \u00e0 l&rsquo;oreille pour essayer de l&rsquo;acqu\u00e9rir. Reconnaissance des &hellip; <\/p>\n<div class='heateor_sss_sharing_container heateor_sss_vertical_sharing' style='width:44px;left: 90px;top: 350px;-webkit-box-shadow:none;box-shadow:none;' data-heateor-sss-href='https:\/\/happynote.com\/musique\/wp-json\/wp\/v2\/pages\/81'><div class=\"heateor_sss_sharing_ul\"><a aria-label=\"Facebook\" class=\"heateor_sss_facebook\" href=\"https:\/\/www.facebook.com\/sharer\/sharer.php?u=https%3A%2F%2Fhappynote.com%2Fmusique%2Fwp-json%2Fwp%2Fv2%2Fpages%2F81\" title=\"Facebook\" rel=\"nofollow noopener\" target=\"_blank\" style=\"font-size:32px!important;box-shadow:none;display:inline-block;vertical-align:middle\"><span class=\"heateor_sss_svg\" style=\"background-color:#0765FE;width:40px;height:40px;border-radius:999px;display:inline-block;opacity:1;float:left;font-size:32px;box-shadow:none;display:inline-block;font-size:16px;padding:0 4px;vertical-align:middle;background-repeat:repeat;overflow:hidden;padding:0;cursor:pointer;box-sizing:content-box\"><svg style=\"display:block;border-radius:999px;\" focusable=\"false\" aria-hidden=\"true\" xmlns=\"http:\/\/www.w3.org\/2000\/svg\" width=\"100%\" height=\"100%\" viewBox=\"0 0 32 32\"><path fill=\"#fff\" d=\"M28 16c0-6.627-5.373-12-12-12S4 9.373 4 16c0 5.628 3.875 10.35 9.101 11.647v-7.98h-2.474V16H13.1v-1.58c0-4.085 1.849-5.978 5.859-5.978.76 0 2.072.15 2.608.298v3.325c-.283-.03-.775-.045-1.386-.045-1.967 0-2.728.745-2.728 2.683V16h3.92l-.673 3.667h-3.247v8.245C23.395 27.195 28 22.135 28 16Z\"><\/path><\/svg><\/span><\/a><a aria-label=\"Twitter\" class=\"heateor_sss_button_twitter\" href=\"https:\/\/twitter.com\/intent\/tweet?text=Happy%20Musique%20Note%20-%20Fini%20la%20corv%C3%A9e%20du%20solf%C3%A8ge%21&url=https%3A%2F%2Fhappynote.com%2Fmusique%2Fwp-json%2Fwp%2Fv2%2Fpages%2F81\" title=\"Twitter\" rel=\"nofollow noopener\" target=\"_blank\" style=\"font-size:32px!important;box-shadow:none;display:inline-block;vertical-align:middle\"><span class=\"heateor_sss_svg heateor_sss_s__default heateor_sss_s_twitter\" style=\"background-color:#55acee;width:40px;height:40px;border-radius:999px;display:inline-block;opacity:1;float:left;font-size:32px;box-shadow:none;display:inline-block;font-size:16px;padding:0 4px;vertical-align:middle;background-repeat:repeat;overflow:hidden;padding:0;cursor:pointer;box-sizing:content-box\"><svg style=\"display:block;border-radius:999px;\" focusable=\"false\" aria-hidden=\"true\" xmlns=\"http:\/\/www.w3.org\/2000\/svg\" width=\"100%\" height=\"100%\" viewBox=\"-4 -4 39 39\"><path d=\"M28 8.557a9.913 9.913 0 0 1-2.828.775 4.93 4.93 0 0 0 2.166-2.725 9.738 9.738 0 0 1-3.13 1.194 4.92 4.92 0 0 0-3.593-1.55 4.924 4.924 0 0 0-4.794 6.049c-4.09-.21-7.72-2.17-10.15-5.15a4.942 4.942 0 0 0-.665 2.477c0 1.71.87 3.214 2.19 4.1a4.968 4.968 0 0 1-2.23-.616v.06c0 2.39 1.7 4.38 3.952 4.83-.414.115-.85.174-1.297.174-.318 0-.626-.03-.928-.086a4.935 4.935 0 0 0 4.6 3.42 9.893 9.893 0 0 1-6.114 2.107c-.398 0-.79-.023-1.175-.068a13.953 13.953 0 0 0 7.55 2.213c9.056 0 14.01-7.507 14.01-14.013 0-.213-.005-.426-.015-.637.96-.695 1.795-1.56 2.455-2.55z\" fill=\"#fff\"><\/path><\/svg><\/span><\/a><a aria-label=\"Whatsapp\" class=\"heateor_sss_whatsapp\" href=\"https:\/\/api.whatsapp.com\/send?text=Happy%20Musique%20Note%20-%20Fini%20la%20corv%C3%A9e%20du%20solf%C3%A8ge%21%20https%3A%2F%2Fhappynote.com%2Fmusique%2Fwp-json%2Fwp%2Fv2%2Fpages%2F81\" title=\"Whatsapp\" rel=\"nofollow noopener\" target=\"_blank\" style=\"font-size:32px!important;box-shadow:none;display:inline-block;vertical-align:middle\"><span class=\"heateor_sss_svg\" style=\"background-color:#55eb4c;width:40px;height:40px;border-radius:999px;display:inline-block;opacity:1;float:left;font-size:32px;box-shadow:none;display:inline-block;font-size:16px;padding:0 4px;vertical-align:middle;background-repeat:repeat;overflow:hidden;padding:0;cursor:pointer;box-sizing:content-box\"><svg style=\"display:block;border-radius:999px;\" focusable=\"false\" aria-hidden=\"true\" xmlns=\"http:\/\/www.w3.org\/2000\/svg\" width=\"100%\" height=\"100%\" viewBox=\"-6 -5 40 40\"><path class=\"heateor_sss_svg_stroke heateor_sss_no_fill\" stroke=\"#fff\" stroke-width=\"2\" fill=\"none\" d=\"M 11.579798566743314 24.396926207859085 A 10 10 0 1 0 6.808479557110079 20.73576436351046\"><\/path><path d=\"M 7 19 l -1 6 l 6 -1\" class=\"heateor_sss_no_fill heateor_sss_svg_stroke\" stroke=\"#fff\" stroke-width=\"2\" fill=\"none\"><\/path><path d=\"M 10 10 q -1 8 8 11 c 5 -1 0 -6 -1 -3 q -4 -3 -5 -5 c 4 -2 -1 -5 -1 -4\" fill=\"#fff\"><\/path><\/svg><\/span><\/a><a aria-label=\"Pinterest\" class=\"heateor_sss_button_pinterest\" href=\"https:\/\/happynote.com\/musique\/wp-json\/wp\/v2\/pages\/81\" onclick=\"event.preventDefault();javascript:void( (function() {var e=document.createElement('script' );e.setAttribute('type','text\/javascript' );e.setAttribute('charset','UTF-8' );e.setAttribute('src','\/\/assets.pinterest.com\/js\/pinmarklet.js?r='+Math.random()*99999999);document.body.appendChild(e)})());\" title=\"Pinterest\" rel=\"noopener\" style=\"font-size:32px!important;box-shadow:none;display:inline-block;vertical-align:middle\"><span class=\"heateor_sss_svg heateor_sss_s__default heateor_sss_s_pinterest\" style=\"background-color:#cc2329;width:40px;height:40px;border-radius:999px;display:inline-block;opacity:1;float:left;font-size:32px;box-shadow:none;display:inline-block;font-size:16px;padding:0 4px;vertical-align:middle;background-repeat:repeat;overflow:hidden;padding:0;cursor:pointer;box-sizing:content-box\"><svg style=\"display:block;border-radius:999px;\" focusable=\"false\" aria-hidden=\"true\" xmlns=\"http:\/\/www.w3.org\/2000\/svg\" width=\"100%\" height=\"100%\" viewBox=\"-2 -2 35 35\"><path fill=\"#fff\" d=\"M16.539 4.5c-6.277 0-9.442 4.5-9.442 8.253 0 2.272.86 4.293 2.705 5.046.303.125.574.005.662-.33.061-.231.205-.816.27-1.06.088-.331.053-.447-.191-.736-.532-.627-.873-1.439-.873-2.591 0-3.338 2.498-6.327 6.505-6.327 3.548 0 5.497 2.168 5.497 5.062 0 3.81-1.686 7.025-4.188 7.025-1.382 0-2.416-1.142-2.085-2.545.397-1.674 1.166-3.48 1.166-4.689 0-1.081-.581-1.983-1.782-1.983-1.413 0-2.548 1.462-2.548 3.419 0 1.247.421 2.091.421 2.091l-1.699 7.199c-.505 2.137-.076 4.755-.039 5.019.021.158.223.196.314.077.13-.17 1.813-2.247 2.384-4.324.162-.587.929-3.631.929-3.631.46.876 1.801 1.646 3.227 1.646 4.247 0 7.128-3.871 7.128-9.053.003-3.918-3.317-7.568-8.361-7.568z\"\/><\/svg><\/span><\/a><a class=\"heateor_sss_more\" aria-label=\"More\" title=\"More\" rel=\"nofollow noopener\" style=\"font-size: 32px!important;border:0;box-shadow:none;display:inline-block!important;font-size:16px;padding:0 4px;vertical-align: middle;display:inline;\" href=\"https:\/\/happynote.com\/musique\/wp-json\/wp\/v2\/pages\/81\" onclick=\"event.preventDefault()\"><span class=\"heateor_sss_svg\" style=\"background-color:#ee8e2d;width:40px;height:40px;border-radius:999px;display:inline-block!important;opacity:1;float:left;font-size:32px!important;box-shadow:none;display:inline-block;font-size:16px;padding:0 4px;vertical-align:middle;display:inline;background-repeat:repeat;overflow:hidden;padding:0;cursor:pointer;box-sizing:content-box;\" onclick=\"heateorSssMoreSharingPopup(this, 'https:\/\/happynote.com\/musique\/wp-json\/wp\/v2\/pages\/81', 'Happy%20Musique%20Note%20-%20Fini%20la%20corv%C3%A9e%20du%20solf%C3%A8ge%21', '' )\"><svg xmlns=\"http:\/\/www.w3.org\/2000\/svg\" xmlns:xlink=\"http:\/\/www.w3.org\/1999\/xlink\" viewBox=\"-.3 0 32 32\" version=\"1.1\" width=\"100%\" height=\"100%\" style=\"display:block;border-radius:999px;\" xml:space=\"preserve\"><g><path fill=\"#fff\" d=\"M18 14V8h-4v6H8v4h6v6h4v-6h6v-4h-6z\" fill-rule=\"evenodd\"><\/path><\/g><\/svg><\/span><\/a><\/div><div class=\"heateorSssClear\"><\/div><\/div>","protected":false},"author":1,"featured_media":0,"parent":0,"menu_order":0,"comment_status":"closed","ping_status":"closed","template":"","meta":{"footnotes":""},"class_list":["post-81","page","type-page","status-publish","hentry"],"_links":{"self":[{"href":"https:\/\/happynote.com\/musique\/wp-json\/wp\/v2\/pages\/81","targetHints":{"allow":["GET"]}}],"collection":[{"href":"https:\/\/happynote.com\/musique\/wp-json\/wp\/v2\/pages"}],"about":[{"href":"https:\/\/happynote.com\/musique\/wp-json\/wp\/v2\/types\/page"}],"author":[{"embeddable":true,"href":"https:\/\/happynote.com\/musique\/wp-json\/wp\/v2\/users\/1"}],"replies":[{"embeddable":true,"href":"https:\/\/happynote.com\/musique\/wp-json\/wp\/v2\/comments?post=81"}],"version-history":[{"count":20,"href":"https:\/\/happynote.com\/musique\/wp-json\/wp\/v2\/pages\/81\/revisions"}],"predecessor-version":[{"id":2674,"href":"https:\/\/happynote.com\/musique\/wp-json\/wp\/v2\/pages\/81\/revisions\/2674"}],"wp:attachment":[{"href":"https:\/\/happynote.com\/musique\/wp-json\/wp\/v2\/media?parent=81"}],"curies":[{"name":"wp","href":"https:\/\/api.w.org\/{rel}","templated":true}]}}